{"id":21,"date":"2016-03-03T12:01:56","date_gmt":"2016-03-03T12:01:56","guid":{"rendered":"http:\/\/www.aptomed.com.br\/v2\/?page_id=21"},"modified":"2016-12-19T12:23:58","modified_gmt":"2016-12-19T12:23:58","slug":"oftalmologia","status":"publish","type":"page","link":"https:\/\/www.aptomed.com.br\/v2\/especialidades\/oftalmologia\/","title":{"rendered":"Oftalmologia"},"content":{"rendered":"<p>[vc_row][vc_column width=&#8221;1\/4&#8243;][vc_column_text]<\/p>\n<div class=\"container-menu-page\">\n<div class=\"row-title-menu-page\"><strong>Oftalmologia<\/strong><\/div>\n<div>\n<ul class=\"ul-menu-page\">\n<li class=\"li-menu-page\"><a title=\"Adapta\u00e7\u00e3o de Lentes de Contato\" href=\"http:\/\/www.aptomed.com.br\/v2\/canal\/oftalmologia\/adaptacao-de-lentes-de-contato\/\" target=\"_self\">Adapta\u00e7\u00e3o de Lentes de Contato<\/a><\/li>\n<li class=\"li-menu-page\"><a title=\"Blefarite - Diagn\u00f3stico e Tratamento\" href=\"http:\/\/www.aptomed.com.br\/v2\/canal\/oftalmologia\/blefarite-diagnostico-e-tratamento\/\" target=\"_self\">Blefarite &#8211; Diagn\u00f3stico e Tratamento<\/a><\/li>\n<li class=\"li-menu-page\"><a title=\"Cal\u00e1zio - Diagn\u00f3stico e Tratamento\" href=\"http:\/\/www.aptomed.com.br\/v2\/canal\/oftalmologia\/calazio-diagnostico-e-tratamento\/\" target=\"_self\">Cal\u00e1zio &#8211; Diagn\u00f3stico e Tratamento<\/a><\/li>\n<li class=\"li-menu-page\"><a title=\"Catarata\" href=\"http:\/\/www.aptomed.com.br\/v2\/canal\/oftalmologia\/catarata\/\" target=\"_self\">Catarata<\/a><\/li>\n<li class=\"li-menu-page\"><a title=\"Ceratocone\" href=\"http:\/\/www.aptomed.com.br\/v2\/canal\/oftalmologia\/ceratocone\/\" target=\"_self\">Ceratocone<\/a><\/li>\n<li class=\"li-menu-page\"><a title=\"Cirurgia Pl\u00e1stica Ocular: Oculopl\u00e1stica\" href=\"http:\/\/www.aptomed.com.br\/v2\/canal\/oftalmologia\/cirurgia-plastica-ocular-oculoplastica\/\" target=\"_self\">Cirurgia Pl\u00e1stica Ocular: Oculopl\u00e1stica<\/a><\/li>\n<li class=\"li-menu-page\"><a title=\"Cirurgia Refrativa\" href=\"http:\/\/www.aptomed.com.br\/v2\/canal\/oftalmologia\/cirurgia-refrativa\/\" target=\"_self\">Cirurgia Refrativa<\/a><\/li>\n<li class=\"li-menu-page\"><a title=\"Distrofias Heredit\u00e1rias da Retina\" href=\"http:\/\/www.aptomed.com.br\/v2\/canal\/oftalmologia\/distrofias-hereditarias-da-retina\/\" target=\"_self\">Distrofias Heredit\u00e1rias da Retina<\/a><\/li>\n<li class=\"li-menu-page\"><a title=\"Erros Refracionais\" href=\"http:\/\/www.aptomed.com.br\/v2\/canal\/oftalmologia\/erros-refracionais\/\" target=\"_self\">Erros Refracionais<\/a><\/li>\n<li class=\"li-menu-page\"><a title=\"Estrabismo\" href=\"http:\/\/www.aptomed.com.br\/v2\/canal\/oftalmologia\/estrabismo\/\" target=\"_self\">Estrabismo<\/a><\/li>\n<li class=\"li-menu-page\"><a title=\"Exames e Procedimentos Oftalmologicos\" href=\"http:\/\/www.aptomed.com.br\/v2\/canal\/oftalmologia\/exames-e-procedimentos-oftalmologicos\/\" target=\"_self\">Exames e Procedimentos Oftalmologicos<\/a><\/li>\n<li class=\"li-menu-page\"><a title=\"Glaucoma\" href=\"http:\/\/www.aptomed.com.br\/v2\/canal\/oftalmologia\/glaucoma\/\" target=\"_self\">Glaucoma<\/a><\/li>\n<li class=\"li-menu-page\"><a title=\"Lembretes importantes\" href=\"http:\/\/www.aptomed.com.br\/v2\/canal\/oftalmologia\/lembretes-importantes\/\" target=\"_self\">Lembretes importantes<\/a><\/li>\n<li class=\"li-menu-page\"><a title=\"O Olho e a Vis\u00e3o\" href=\"http:\/\/www.aptomed.com.br\/v2\/canal\/oftalmologia\/o-olho-e-visao\/\" target=\"_self\">O Olho e a Vis\u00e3o<\/a><\/li>\n<li class=\"li-menu-page\"><a title=\"\u00d3culos\" href=\"http:\/\/www.aptomed.com.br\/v2\/canal\/oftalmologia\/oculos\/\" target=\"_self\">\u00d3culos<\/a><\/li>\n<li class=\"li-menu-page\"><a title=\"Olho Seco - Diagn\u00f3stico e Tratamento\" href=\"http:\/\/www.aptomed.com.br\/v2\/canal\/oftalmologia\/olho-seco-diagnostico-e-tratamento\/\" target=\"_self\">Olho Seco &#8211; Diagn\u00f3stico e Tratamento<\/a><\/li>\n<li class=\"li-menu-page\"><a title=\"\u00d3rbita e Vias Lacrimais\" href=\"http:\/\/www.aptomed.com.br\/v2\/canal\/oftalmologia\/orbita-e-vias-lacrimais\/\" target=\"_self\">\u00d3rbita e Vias Lacrimais<\/a><\/li>\n<li class=\"li-menu-page\"><a title=\"Pter\u00edgio - Diagn\u00f3stico e Tratamento\" href=\"http:\/\/www.aptomed.com.br\/v2\/canal\/oftalmologia\/pterigio-diagnostico-e-tratamento\/\" target=\"_self\">Pter\u00edgio &#8211; Diagn\u00f3stico e Tratamento<\/a><\/li>\n<li class=\"li-menu-page-no\"><a title=\"Retinopatia da prematuridade\" href=\"http:\/\/www.aptomed.com.br\/v2\/canal\/oftalmologia\/retinopatia-da-prematuridade\/\" target=\"_self\">Retinopatia da prematuridade<\/a><\/li>\n<\/ul>\n<\/div>\n<\/div>\n<p>[\/vc_column_text][\/vc_column][vc_column width=&#8221;3\/4&#8243; css=&#8221;.vc_custom_1467641821792{padding-left: 30px !important;}&#8221;][vc_column_text]<\/p>\n<p style=\"text-align: justify;\"><strong title=\"Oftalmologia Aptomed\">Oftalmologia<\/strong> \u00e9 um ramo da medicina que investiga e trata as doen\u00e7as relacionadas \u00e0 vis\u00e3o, aos olhos e seus anexos. A especialidade tamb\u00e9m se dedica ao estudo e corre\u00e7\u00e3o dos erros de refra\u00e7\u00e3o apresentados pelo olho. O m\u00e9dico oftalmologista realiza cirurgias, prescreve tratamentos e corre\u00e7\u00f5es para esses dist\u00farbios.<\/p>\n<p><strong title=\"Oftalmologia Aptomed\">Saiba mais sobre algumas das subespecialidades da oftalmologia:<\/strong><\/p>\n<ul style=\"list-style-type: square;\">\n<li>Uve\u00edtes<\/li>\n<li>Catarata<\/li>\n<li>Refra\u00e7\u00e3o, Lentes de Contato e <a href=\"http:\/\/www.aptomed.com.br\/v2\/canal\/oftalmologia\/cirurgia-refrativa\/\">Cirurgia Refrativa<\/a><\/li>\n<li>C\u00f3rnea e Superf\u00edcie Ocular<\/li>\n<li>Oftalmo-pediatria<\/li>\n<li>Pl\u00e1stica ocular<\/li>\n<li>\u00d3rbita e Vias lacrimais<\/li>\n<li>Estrabismo<\/li>\n<li>Glaucoma<\/li>\n<li>Retina e V\u00edtreo<\/li>\n<\/ul>\n<p><img loading=\"lazy\" class=\"size-full wp-image-25\" title=\"Oftalmologia Aptomed\" src=\"http:\/\/www.aptomed.com.br\/v2\/wp-content\/uploads\/2016\/03\/ofitalmologia-aptomed.jpg\" alt=\"Oftalmologia Aptomed\" width=\"250\" height=\"249\" srcset=\"https:\/\/www.aptomed.com.br\/v2\/wp-content\/uploads\/2016\/03\/ofitalmologia-aptomed.jpg 250w, https:\/\/www.aptomed.com.br\/v2\/wp-content\/uploads\/2016\/03\/ofitalmologia-aptomed-150x150.jpg 150w\" sizes=\"(max-width: 250px) 100vw, 250px\" \/>[\/vc_column_text][\/vc_column][\/vc_row]<\/p>\n","protected":false},"excerpt":{"rendered":"<p>[vc_row][vc_column width=&#8221;1\/4&#8243;][vc_column_text] Oftalmologia Adapta\u00e7\u00e3o de Lentes de Contato Blefarite &#8211; Diagn\u00f3stico e Tratamento Cal\u00e1zio &#8211; Diagn\u00f3stico e Tratamento Catarata Ceratocone Cirurgia Pl\u00e1stica Ocular: Oculopl\u00e1stica Cirurgia Refrativa Distrofias Heredit\u00e1rias da Retina Erros Refracionais Estrabismo Exames e Procedimentos Oftalmologicos Glaucoma Lembretes importantes O Olho e a Vis\u00e3o \u00d3culos Olho Seco &#8211; Diagn\u00f3stico e Tratamento \u00d3rbita e Vias&#8230; <a href=\"https:\/\/www.aptomed.com.br\/v2\/especialidades\/oftalmologia\/\" class=\"readmore\">Read More &#038;raquo<\/a><\/p>\n","protected":false},"author":1,"featured_media":25,"parent":12,"menu_order":0,"comment_status":"closed","ping_status":"closed","template":"","meta":[],"yoast_head":"<!-- This site is optimized with the Yoast SEO plugin v16.2 - https:\/\/yoast.com\/wordpress\/plugins\/seo\/ -->\n<title>Oftalmologia - Aptomed - Sa\u00fade Integrada<\/title>\n<meta name=\"description\" content=\"Oftalmologia. Cl\u00ednica de sa\u00fade integrada, na zona norte de S\u00e3o Paulo, atendemos na \u00e1rea de Oftalmologia, Psicologia e Fisioterapia. Agende sua consulta!\" \/>\n<meta name=\"robots\" content=\"index, follow, max-snippet:-1, max-image-preview:large, max-video-preview:-1\" \/>\n<link rel=\"canonical\" href=\"https:\/\/www.aptomed.com.br\/v2\/especialidades\/oftalmologia\/\" \/>\n<meta property=\"og:locale\" content=\"pt_BR\" \/>\n<meta property=\"og:type\" content=\"article\" \/>\n<meta property=\"og:title\" content=\"Oftalmologia - Aptomed - Sa\u00fade Integrada\" \/>\n<meta property=\"og:description\" content=\"Oftalmologia. Cl\u00ednica de sa\u00fade integrada, na zona norte de S\u00e3o Paulo, atendemos na \u00e1rea de Oftalmologia, Psicologia e Fisioterapia. Agende sua consulta!\" \/>\n<meta property=\"og:url\" content=\"https:\/\/www.aptomed.com.br\/v2\/especialidades\/oftalmologia\/\" \/>\n<meta property=\"og:site_name\" content=\"Aptomed - Sa\u00fade Integrada\" \/>\n<meta property=\"article:modified_time\" content=\"2016-12-19T12:23:58+00:00\" \/>\n<meta property=\"og:image\" content=\"https:\/\/www.aptomed.com.br\/v2\/wp-content\/uploads\/2016\/03\/ofitalmologia-aptomed.jpg\" \/>\n\t<meta property=\"og:image:width\" content=\"250\" \/>\n\t<meta property=\"og:image:height\" content=\"249\" \/>\n<meta name=\"twitter:card\" content=\"summary\" \/>\n<meta name=\"twitter:label1\" content=\"Est. tempo de leitura\">\n\t<meta name=\"twitter:data1\" content=\"1 minuto\">\n<script type=\"application\/ld+json\" class=\"yoast-schema-graph\">{\"@context\":\"https:\/\/schema.org\",\"@graph\":[{\"@type\":\"WebSite\",\"@id\":\"https:\/\/www.aptomed.com.br\/v2\/#website\",\"url\":\"https:\/\/www.aptomed.com.br\/v2\/\",\"name\":\"Aptomed - Sa\\u00fade Integrada\",\"description\":\"Cl\\u00ednica de profissionais multidisciplinares da \\u00e1rea da sa\\u00fade.\",\"potentialAction\":[{\"@type\":\"SearchAction\",\"target\":\"https:\/\/www.aptomed.com.br\/v2\/?s={search_term_string}\",\"query-input\":\"required name=search_term_string\"}],\"inLanguage\":\"pt-BR\"},{\"@type\":\"ImageObject\",\"@id\":\"https:\/\/www.aptomed.com.br\/v2\/especialidades\/oftalmologia\/#primaryimage\",\"inLanguage\":\"pt-BR\",\"url\":\"https:\/\/www.aptomed.com.br\/v2\/wp-content\/uploads\/2016\/03\/ofitalmologia-aptomed.jpg\",\"contentUrl\":\"https:\/\/www.aptomed.com.br\/v2\/wp-content\/uploads\/2016\/03\/ofitalmologia-aptomed.jpg\",\"width\":250,\"height\":249,\"caption\":\"Oftalmologia Aptomed\"},{\"@type\":\"WebPage\",\"@id\":\"https:\/\/www.aptomed.com.br\/v2\/especialidades\/oftalmologia\/#webpage\",\"url\":\"https:\/\/www.aptomed.com.br\/v2\/especialidades\/oftalmologia\/\",\"name\":\"Oftalmologia - Aptomed - Sa\\u00fade Integrada\",\"isPartOf\":{\"@id\":\"https:\/\/www.aptomed.com.br\/v2\/#website\"},\"primaryImageOfPage\":{\"@id\":\"https:\/\/www.aptomed.com.br\/v2\/especialidades\/oftalmologia\/#primaryimage\"},\"datePublished\":\"2016-03-03T12:01:56+00:00\",\"dateModified\":\"2016-12-19T12:23:58+00:00\",\"description\":\"Oftalmologia. Cl\\u00ednica de sa\\u00fade integrada, na zona norte de S\\u00e3o Paulo, atendemos na \\u00e1rea de Oftalmologia, Psicologia e Fisioterapia. Agende sua consulta!\",\"breadcrumb\":{\"@id\":\"https:\/\/www.aptomed.com.br\/v2\/especialidades\/oftalmologia\/#breadcrumb\"},\"inLanguage\":\"pt-BR\",\"potentialAction\":[{\"@type\":\"ReadAction\",\"target\":[\"https:\/\/www.aptomed.com.br\/v2\/especialidades\/oftalmologia\/\"]}]},{\"@type\":\"BreadcrumbList\",\"@id\":\"https:\/\/www.aptomed.com.br\/v2\/especialidades\/oftalmologia\/#breadcrumb\",\"itemListElement\":[{\"@type\":\"ListItem\",\"position\":1,\"item\":{\"@type\":\"WebPage\",\"@id\":\"https:\/\/www.aptomed.com.br\/v2\/\",\"url\":\"https:\/\/www.aptomed.com.br\/v2\/\",\"name\":\"In\\u00edcio\"}},{\"@type\":\"ListItem\",\"position\":2,\"item\":{\"@type\":\"WebPage\",\"@id\":\"https:\/\/www.aptomed.com.br\/v2\/especialidades\/\",\"url\":\"https:\/\/www.aptomed.com.br\/v2\/especialidades\/\",\"name\":\"Especialidades\"}},{\"@type\":\"ListItem\",\"position\":3,\"item\":{\"@id\":\"https:\/\/www.aptomed.com.br\/v2\/especialidades\/oftalmologia\/#webpage\"}}]}]}<\/script>\n<!-- \/ Yoast SEO plugin. -->","_links":{"self":[{"href":"https:\/\/www.aptomed.com.br\/v2\/wp-json\/wp\/v2\/pages\/21"}],"collection":[{"href":"https:\/\/www.aptomed.com.br\/v2\/wp-json\/wp\/v2\/pages"}],"about":[{"href":"https:\/\/www.aptomed.com.br\/v2\/wp-json\/wp\/v2\/types\/page"}],"author":[{"embeddable":true,"href":"https:\/\/www.aptomed.com.br\/v2\/wp-json\/wp\/v2\/users\/1"}],"replies":[{"embeddable":true,"href":"https:\/\/www.aptomed.com.br\/v2\/wp-json\/wp\/v2\/comments?post=21"}],"version-history":[{"count":30,"href":"https:\/\/www.aptomed.com.br\/v2\/wp-json\/wp\/v2\/pages\/21\/revisions"}],"predecessor-version":[{"id":1745,"href":"https:\/\/www.aptomed.com.br\/v2\/wp-json\/wp\/v2\/pages\/21\/revisions\/1745"}],"up":[{"embeddable":true,"href":"https:\/\/www.aptomed.com.br\/v2\/wp-json\/wp\/v2\/pages\/12"}],"wp:featuredmedia":[{"embeddable":true,"href":"https:\/\/www.aptomed.com.br\/v2\/wp-json\/wp\/v2\/media\/25"}],"wp:attachment":[{"href":"https:\/\/www.aptomed.com.br\/v2\/wp-json\/wp\/v2\/media?parent=21"}],"curies":[{"name":"wp","href":"https:\/\/api.w.org\/{rel}","templated":true}]}}