{"id":276,"date":"2016-03-09T13:55:27","date_gmt":"2016-03-09T13:55:27","guid":{"rendered":"http:\/\/www.aptomed.com.br\/v2\/?page_id=276"},"modified":"2016-03-29T13:13:58","modified_gmt":"2016-03-29T13:13:58","slug":"ptose-palpebral-diagnostico-e-tratamento","status":"publish","type":"page","link":"https:\/\/www.aptomed.com.br\/v2\/especialidades\/oftalmologia\/cirurgia-plastica-ocular-oculoplastica\/ptose-palpebral-diagnostico-e-tratamento\/","title":{"rendered":"Ptose palpebral &#8211; Diagn\u00f3stico e Tratamento"},"content":{"rendered":"<p>A<strong> ptose palpebral<\/strong> \u00e9 representada pela <strong>queda da p\u00e1lpebra superior<\/strong>, podendo ser de origem cong\u00eanita ou adquirida. O normal \u00e9 que a p\u00e1lpebra superior cubra apenas de 1 a 2 mm da por\u00e7\u00e3o superior da c\u00f3rnea.<\/p>\n<p>A<strong> ptose palpebral cong\u00eanita<\/strong> \u00e9 aquela onde a crian\u00e7a j\u00e1 nasce com a ptose e, em geral \u00e9 causada por uma distrofia do m\u00fasculo elevador da p\u00e1lpebra, ou por uma paralisia do nervo.<\/p>\n<p>A <strong>ptose palpebral adquirida<\/strong> \u00e9 aquela onde a<strong> queda palpebral<\/strong> ocorre ap\u00f3s o nascimento, podendo ser origin\u00e1ria de v\u00e1rias causas.<\/p>\n<p>Indica\u00e7\u00e3o de corre\u00e7\u00e3o cir\u00fargica da<strong> ptose palpebral<\/strong>.<\/p>\n<p>O tratamento cir\u00fargico da<strong> ptose palpebral<\/strong> sempre estar\u00e1 indicado quando ocorrer interfer\u00eancia na vis\u00e3o do paciente.<\/p>\n<p>Na <strong>ptose palpebral<\/strong> cong\u00eanita a cirurgia deve ser realizada sempre que a mensura\u00e7\u00e3o dos par\u00e2metros determinantes do grau de funcionamento dos m\u00fasculos envolvidos no movimento das p\u00e1lpebras possa ser obtida, o que em geral ocorre entre 3 e 4 anos de idade. Por\u00e9m, se existir risco de ambliopia devido \u00e0 gravidade da<strong> ptose<\/strong>, a conduta cir\u00fargica estar\u00e1 indicada mais precocemente.<\/p>\n<p>T\u00e9cnica cir\u00fargica para a <strong>corre\u00e7\u00e3o da ptose palpebral<\/strong>.<\/p>\n<p>Existem v\u00e1rias t\u00e9cnicas para a <strong>corre\u00e7\u00e3o cir\u00fargica da ptose palpebral<\/strong>.<br \/>\nPara a determina\u00e7\u00e3o da t\u00e9cnica \u00e9 muito importante uma boa anamnese e exame cl\u00ednico para que sua causa e o seu grau possam ser identificados.<br \/>\nH\u00e1 que tamb\u00e9m se avaliar a fun\u00e7\u00e3o do m\u00fasculo elevador da p\u00e1lpebra e do m\u00fasculo frontal, assim como a posi\u00e7\u00e3o da p\u00e1lpebra ao se olhar para baixo, a posi\u00e7\u00e3o da prega palpebral e outros sinais associados.<\/p>\n<p>P\u00f3s-operat\u00f3rio da cirurgia de corre\u00e7\u00e3o da<strong> ptose palpebral<\/strong>.<\/p>\n<p>Normalmente o p\u00f3s-operat\u00f3rio da <strong>ptose p\u00e1lpebral<\/strong> \u00e9 muito simples.<\/p>\n<p>Um cuidado especial deve ser tomado quando da avalia\u00e7\u00e3o do fechamento palpebral pois em alguns casos o paciente pode apresentar fechamento incompleto das p\u00e1lpebras devido a uma hipercorre\u00e7\u00e3o.<\/p>\n<p>Nesse caso fazem-se necess\u00e1rias algumas medidas como remo\u00e7\u00e3o de sutura e massagens no p\u00f3s-operat\u00f3rio.<\/p>\n<p>No caso de ter havido hipocorre\u00e7\u00e3o, uma segunda cirurgia somente poder\u00e1 ser indicada ap\u00f3s decorridos seis meses.<\/p>\n<p>Contra-indica\u00e7\u00f5es da cirurgia de corre\u00e7\u00e3o da<strong> ptose palpebral<\/strong>.<\/p>\n<p>A <strong>corre\u00e7\u00e3o cir\u00fargica da ptose palpebral<\/strong> estar\u00e1 contra-indicada nos casos onde a<strong> ptose<\/strong> possa ser transit\u00f3ria, como por exemplo quando ela deriva de certas doen\u00e7as sist\u00eamicas. Nesses casos a doen\u00e7a sist\u00eamica sim, \u00e9 quem de fato deve ser clinicamente tratada.<\/p>\n<p>Para marcar sua<strong> cirurgia de ptose palpebral<\/strong> em nossa clinica, agende uma consulta pelo tel (011) 2099-1110. Durante a avalia\u00e7\u00e3o m\u00e9dica voc\u00ea poder\u00e1 esclarecer todas as suas d\u00favidas a respeito da<strong> cirurgia<\/strong>.<\/p>\n<p><strong>Saiba mais:<\/strong><br \/>\n<a href=\"http:\/\/www.aptomed.com.br\/v2\/canal\/oftalmologia\/cirurgia-plastica-ocular-oculoplastica\/\">Cirurgia Pl\u00e1stica Ocular<\/a><br \/>\n<a href=\"http:\/\/www.aptomed.com.br\/v2\/canal\/oftalmologia\/cirurgia-plastica-ocular-oculoplastica\/blefaroespasmo-piscar-involuntario\/\">Blefaroplastia<\/a><br \/>\n<a href=\"http:\/\/www.aptomed.com.br\/v2\/canal\/oftalmologia\/cirurgia-plastica-ocular-oculoplastica\/blefaroespasmo-piscar-involuntario\/\">Blefaroespasmo<\/a><br \/>\n<a href=\"http:\/\/www.aptomed.com.br\/v2\/canal\/oftalmologia\/cirurgia-plastica-ocular-oculoplastica\/dermatocalase-excesso-de-pele-palpebral\/\">Dermatoc\u00e1lase\u00a0<\/a><br \/>\n<a href=\"http:\/\/www.aptomed.com.br\/v2\/canal\/oftalmologia\/cirurgia-plastica-ocular-oculoplastica\/ectropio-palpebral-palpebra-virada-para-fora\/\">Ectr\u00f3pio\u00a0palpebral\u00a0<\/a><br \/>\n<a href=\"http:\/\/www.aptomed.com.br\/v2\/canal\/oftalmologia\/cirurgia-plastica-ocular-oculoplastica\/entropio-palpebral-palpebra-virada-para-dentro\/\">Entr\u00f3pio palpebral<\/a><br \/>\n<a href=\"http:\/\/www.aptomed.com.br\/v2\/canal\/oftalmologia\/cirurgia-plastica-ocular-oculoplastica\/botox-indicacoes-e-efeitos\/\">BOTOX<\/a><br \/>\n<a href=\"http:\/\/www.aptomed.com.br\/v2\/canal\/oftalmologia\/cirurgia-plastica-ocular-oculoplastica\/botox-perguntas-mais-frequentes\/\">BOTOX: Perguntas mais frequentes<\/a><br \/>\n<a href=\"http:\/\/www.aptomed.com.br\/v2\/canal\/oftalmologia\/cirurgia-plastica-ocular-oculoplastica\/triquiase-cilios-mal-posicionados-correcao\/\">Triqu\u00edase<\/a><br \/>\n<a href=\"http:\/\/www.aptomed.com.br\/v2\/canal\/oftalmologia\/cirurgia-plastica-ocular-oculoplastica\/rugas-de-expressao-modernos-tratamentos\/\">Rugas de express\u00e3o<\/a><br \/>\nXantelasma<\/p>\n<p>IMPORTANTE: As informa\u00e7\u00f5es contidas neste site s\u00e3o somente de car\u00e1ter geral com o objetivo de divulgar conhecimentos na especialidade de <strong>Cirurgia Pl\u00e1stica Ocular<\/strong>. Estas informa\u00e7\u00f5es n\u00e3o t\u00eam a pretens\u00e3o de substituir etapas do tratamento m\u00e9dico ou indicar qualquer tipo de cirurgia. Voc\u00ea deve sempre procurar um m\u00e9dico adequadamente treinado para realizar os procedimentos mencionados neste site ou em qualquer outro na Internet.<\/p>\n","protected":false},"excerpt":{"rendered":"<p>A ptose palpebral \u00e9 representada pela queda da p\u00e1lpebra superior, podendo ser de origem cong\u00eanita ou adquirida. O normal \u00e9 que a p\u00e1lpebra superior cubra apenas de 1 a 2 mm da por\u00e7\u00e3o superior da c\u00f3rnea. A ptose palpebral cong\u00eanita \u00e9 aquela onde a crian\u00e7a j\u00e1 nasce com a ptose e, em geral \u00e9 causada&#8230; <a href=\"https:\/\/www.aptomed.com.br\/v2\/especialidades\/oftalmologia\/cirurgia-plastica-ocular-oculoplastica\/ptose-palpebral-diagnostico-e-tratamento\/\" class=\"readmore\">Read More &#038;raquo<\/a><\/p>\n","protected":false},"author":1,"featured_media":0,"parent":241,"menu_order":0,"comment_status":"closed","ping_status":"closed","template":"","meta":[],"yoast_head":"<!-- This site is optimized with the Yoast SEO plugin v16.2 - https:\/\/yoast.com\/wordpress\/plugins\/seo\/ -->\n<title>Ptose palpebral - Diagn\u00f3stico e Tratamento - Aptomed - Sa\u00fade Integrada<\/title>\n<meta name=\"robots\" content=\"index, follow, max-snippet:-1, max-image-preview:large, max-video-preview:-1\" \/>\n<link rel=\"canonical\" href=\"https:\/\/www.aptomed.com.br\/v2\/especialidades\/oftalmologia\/cirurgia-plastica-ocular-oculoplastica\/ptose-palpebral-diagnostico-e-tratamento\/\" \/>\n<meta property=\"og:locale\" content=\"pt_BR\" \/>\n<meta property=\"og:type\" content=\"article\" \/>\n<meta property=\"og:title\" content=\"Ptose palpebral - Diagn\u00f3stico e Tratamento - Aptomed - Sa\u00fade Integrada\" \/>\n<meta property=\"og:description\" content=\"A ptose palpebral \u00e9 representada pela queda da p\u00e1lpebra superior, podendo ser de origem cong\u00eanita ou adquirida. O normal \u00e9 que a p\u00e1lpebra superior cubra apenas de 1 a 2 mm da por\u00e7\u00e3o superior da c\u00f3rnea. A ptose palpebral cong\u00eanita \u00e9 aquela onde a crian\u00e7a j\u00e1 nasce com a ptose e, em geral \u00e9 causada... Read More &amp;raquo\" \/>\n<meta property=\"og:url\" content=\"https:\/\/www.aptomed.com.br\/v2\/especialidades\/oftalmologia\/cirurgia-plastica-ocular-oculoplastica\/ptose-palpebral-diagnostico-e-tratamento\/\" \/>\n<meta property=\"og:site_name\" content=\"Aptomed - Sa\u00fade Integrada\" \/>\n<meta property=\"article:modified_time\" content=\"2016-03-29T13:13:58+00:00\" \/>\n<meta name=\"twitter:card\" content=\"summary\" \/>\n<meta name=\"twitter:label1\" content=\"Est. tempo de leitura\">\n\t<meta name=\"twitter:data1\" content=\"3 minutos\">\n<script type=\"application\/ld+json\" class=\"yoast-schema-graph\">{\"@context\":\"https:\/\/schema.org\",\"@graph\":[{\"@type\":\"WebSite\",\"@id\":\"https:\/\/www.aptomed.com.br\/v2\/#website\",\"url\":\"https:\/\/www.aptomed.com.br\/v2\/\",\"name\":\"Aptomed - Sa\\u00fade Integrada\",\"description\":\"Cl\\u00ednica de profissionais multidisciplinares da \\u00e1rea da sa\\u00fade.\",\"potentialAction\":[{\"@type\":\"SearchAction\",\"target\":\"https:\/\/www.aptomed.com.br\/v2\/?s={search_term_string}\",\"query-input\":\"required name=search_term_string\"}],\"inLanguage\":\"pt-BR\"},{\"@type\":\"WebPage\",\"@id\":\"https:\/\/www.aptomed.com.br\/v2\/especialidades\/oftalmologia\/cirurgia-plastica-ocular-oculoplastica\/ptose-palpebral-diagnostico-e-tratamento\/#webpage\",\"url\":\"https:\/\/www.aptomed.com.br\/v2\/especialidades\/oftalmologia\/cirurgia-plastica-ocular-oculoplastica\/ptose-palpebral-diagnostico-e-tratamento\/\",\"name\":\"Ptose palpebral - Diagn\\u00f3stico e Tratamento - Aptomed - Sa\\u00fade Integrada\",\"isPartOf\":{\"@id\":\"https:\/\/www.aptomed.com.br\/v2\/#website\"},\"datePublished\":\"2016-03-09T13:55:27+00:00\",\"dateModified\":\"2016-03-29T13:13:58+00:00\",\"breadcrumb\":{\"@id\":\"https:\/\/www.aptomed.com.br\/v2\/especialidades\/oftalmologia\/cirurgia-plastica-ocular-oculoplastica\/ptose-palpebral-diagnostico-e-tratamento\/#breadcrumb\"},\"inLanguage\":\"pt-BR\",\"potentialAction\":[{\"@type\":\"ReadAction\",\"target\":[\"https:\/\/www.aptomed.com.br\/v2\/especialidades\/oftalmologia\/cirurgia-plastica-ocular-oculoplastica\/ptose-palpebral-diagnostico-e-tratamento\/\"]}]},{\"@type\":\"BreadcrumbList\",\"@id\":\"https:\/\/www.aptomed.com.br\/v2\/especialidades\/oftalmologia\/cirurgia-plastica-ocular-oculoplastica\/ptose-palpebral-diagnostico-e-tratamento\/#breadcrumb\",\"itemListElement\":[{\"@type\":\"ListItem\",\"position\":1,\"item\":{\"@type\":\"WebPage\",\"@id\":\"https:\/\/www.aptomed.com.br\/v2\/\",\"url\":\"https:\/\/www.aptomed.com.br\/v2\/\",\"name\":\"In\\u00edcio\"}},{\"@type\":\"ListItem\",\"position\":2,\"item\":{\"@type\":\"WebPage\",\"@id\":\"https:\/\/www.aptomed.com.br\/v2\/especialidades\/\",\"url\":\"https:\/\/www.aptomed.com.br\/v2\/especialidades\/\",\"name\":\"Especialidades\"}},{\"@type\":\"ListItem\",\"position\":3,\"item\":{\"@type\":\"WebPage\",\"@id\":\"https:\/\/www.aptomed.com.br\/v2\/especialidades\/oftalmologia\/\",\"url\":\"https:\/\/www.aptomed.com.br\/v2\/especialidades\/oftalmologia\/\",\"name\":\"Oftalmologia\"}},{\"@type\":\"ListItem\",\"position\":4,\"item\":{\"@type\":\"WebPage\",\"@id\":\"https:\/\/www.aptomed.com.br\/v2\/especialidades\/oftalmologia\/cirurgia-plastica-ocular-oculoplastica\/\",\"url\":\"https:\/\/www.aptomed.com.br\/v2\/especialidades\/oftalmologia\/cirurgia-plastica-ocular-oculoplastica\/\",\"name\":\"Cirurgia Pl\\u00e1stica Ocular: Oculopl\\u00e1stica\"}},{\"@type\":\"ListItem\",\"position\":5,\"item\":{\"@id\":\"https:\/\/www.aptomed.com.br\/v2\/especialidades\/oftalmologia\/cirurgia-plastica-ocular-oculoplastica\/ptose-palpebral-diagnostico-e-tratamento\/#webpage\"}}]}]}<\/script>\n<!-- \/ Yoast SEO plugin. -->","_links":{"self":[{"href":"https:\/\/www.aptomed.com.br\/v2\/wp-json\/wp\/v2\/pages\/276"}],"collection":[{"href":"https:\/\/www.aptomed.com.br\/v2\/wp-json\/wp\/v2\/pages"}],"about":[{"href":"https:\/\/www.aptomed.com.br\/v2\/wp-json\/wp\/v2\/types\/page"}],"author":[{"embeddable":true,"href":"https:\/\/www.aptomed.com.br\/v2\/wp-json\/wp\/v2\/users\/1"}],"replies":[{"embeddable":true,"href":"https:\/\/www.aptomed.com.br\/v2\/wp-json\/wp\/v2\/comments?post=276"}],"version-history":[{"count":4,"href":"https:\/\/www.aptomed.com.br\/v2\/wp-json\/wp\/v2\/pages\/276\/revisions"}],"predecessor-version":[{"id":955,"href":"https:\/\/www.aptomed.com.br\/v2\/wp-json\/wp\/v2\/pages\/276\/revisions\/955"}],"up":[{"embeddable":true,"href":"https:\/\/www.aptomed.com.br\/v2\/wp-json\/wp\/v2\/pages\/241"}],"wp:attachment":[{"href":"https:\/\/www.aptomed.com.br\/v2\/wp-json\/wp\/v2\/media?parent=276"}],"curies":[{"name":"wp","href":"https:\/\/api.w.org\/{rel}","templated":true}]}}