{"id":296,"date":"2016-03-09T14:20:55","date_gmt":"2016-03-09T14:20:55","guid":{"rendered":"http:\/\/www.aptomed.com.br\/v2\/?page_id=296"},"modified":"2016-03-29T13:39:36","modified_gmt":"2016-03-29T13:39:36","slug":"candidatos-cirurgia-refrativa","status":"publish","type":"page","link":"https:\/\/www.aptomed.com.br\/v2\/especialidades\/oftalmologia\/cirurgia-refrativa\/candidatos-cirurgia-refrativa\/","title":{"rendered":"Candidatos \u00e0 cirurgia refrativa"},"content":{"rendered":"<p><img loading=\"lazy\" class=\"size-medium wp-image-300 alignright\" src=\"http:\/\/www.aptomed.com.br\/v2\/wp-content\/uploads\/2016\/03\/candidatos-a-cirurgia-refrativa-273x300.jpg\" alt=\"Candidatos \u00e0 cirurgia refrativa\" width=\"273\" height=\"300\" srcset=\"https:\/\/www.aptomed.com.br\/v2\/wp-content\/uploads\/2016\/03\/candidatos-a-cirurgia-refrativa-273x300.jpg 273w, https:\/\/www.aptomed.com.br\/v2\/wp-content\/uploads\/2016\/03\/candidatos-a-cirurgia-refrativa.jpg 288w\" sizes=\"(max-width: 273px) 100vw, 273px\" \/>Um candidato \u00e0<strong> cirurgia refrativa<\/strong> precisa:<\/p>\n<p>-Ter um <strong>erro refracional (miopia\/ hipermetropia\/astigmatismo)<\/strong>;<br \/>\n-Ter a<strong> vis\u00e3o<\/strong> est\u00e1vel por 1 ano (pequenas flutua\u00e7\u00f5es n\u00e3o contra-indicam a cirurgia);<br \/>\n&#8211; N\u00e3o ter nenhuma <strong>doen\u00e7a ocular<\/strong> ou sist\u00eamica que atrapalhe a <strong>cirurgia<\/strong> (avaliada individualmente em consulta);<br \/>\n-N\u00e3o estar gr\u00e1vida;<br \/>\n-Ter vontade e motiva\u00e7\u00e3o;<br \/>\n&#8211; Compreender as limita\u00e7\u00f5es e os riscos da cirurgia.<\/p>\n<p><strong>Saiba mais:<\/strong><br \/>\n&#8211;<a href=\"http:\/\/www.aptomed.com.br\/v2\/canal\/oftalmologia\/cirurgia-refrativa\/\">Cirurgia Refrativa<\/a><br \/>\n&#8211;<a href=\"http:\/\/www.aptomed.com.br\/v2\/canal\/oftalmologia\/cirurgia-refrativa\/lasik\/\">LASIK<\/a><br \/>\n&#8211;<a href=\"http:\/\/www.aptomed.com.br\/v2\/canal\/oftalmologia\/cirurgia-refrativa\/prk\/\">PRK<\/a><br \/>\n&#8211;<a href=\"http:\/\/www.aptomed.com.br\/v2\/canal\/oftalmologia\/cirurgia-refrativa\/pos-operatorio-da-cirurgia-refrativa\/\">P\u00f3s-operat\u00f3rio da Cirurgia Refrativa<\/a><br \/>\n&#8211;<a href=\"http:\/\/www.aptomed.com.br\/v2\/canal\/oftalmologia\/cirurgia-refrativa\/beneficios-da-cirurgia-refrativa\/\">Benef\u00edcios \u00e0 qualidade de vida<\/a><\/p>\n","protected":false},"excerpt":{"rendered":"<p>Um candidato \u00e0 cirurgia refrativa precisa: -Ter um erro refracional (miopia\/ hipermetropia\/astigmatismo); -Ter a vis\u00e3o est\u00e1vel por 1 ano (pequenas flutua\u00e7\u00f5es n\u00e3o contra-indicam a cirurgia); &#8211; N\u00e3o ter nenhuma doen\u00e7a ocular ou sist\u00eamica que atrapalhe a cirurgia (avaliada individualmente em consulta); -N\u00e3o estar gr\u00e1vida; -Ter vontade e motiva\u00e7\u00e3o; &#8211; Compreender as limita\u00e7\u00f5es e os riscos&#8230; <a href=\"https:\/\/www.aptomed.com.br\/v2\/especialidades\/oftalmologia\/cirurgia-refrativa\/candidatos-cirurgia-refrativa\/\" class=\"readmore\">Read More &#038;raquo<\/a><\/p>\n","protected":false},"author":1,"featured_media":0,"parent":286,"menu_order":0,"comment_status":"closed","ping_status":"closed","template":"","meta":[],"yoast_head":"<!-- This site is optimized with the Yoast SEO plugin v16.2 - https:\/\/yoast.com\/wordpress\/plugins\/seo\/ -->\n<title>Candidatos \u00e0 cirurgia refrativa - Aptomed - Sa\u00fade Integrada<\/title>\n<meta name=\"robots\" content=\"index, follow, max-snippet:-1, max-image-preview:large, max-video-preview:-1\" \/>\n<link rel=\"canonical\" href=\"https:\/\/www.aptomed.com.br\/v2\/especialidades\/oftalmologia\/cirurgia-refrativa\/candidatos-cirurgia-refrativa\/\" \/>\n<meta property=\"og:locale\" content=\"pt_BR\" \/>\n<meta property=\"og:type\" content=\"article\" \/>\n<meta property=\"og:title\" content=\"Candidatos \u00e0 cirurgia refrativa - Aptomed - Sa\u00fade Integrada\" \/>\n<meta property=\"og:description\" content=\"Um candidato \u00e0 cirurgia refrativa precisa: -Ter um erro refracional (miopia\/ hipermetropia\/astigmatismo); -Ter a vis\u00e3o est\u00e1vel por 1 ano (pequenas flutua\u00e7\u00f5es n\u00e3o contra-indicam a cirurgia); &#8211; N\u00e3o ter nenhuma doen\u00e7a ocular ou sist\u00eamica que atrapalhe a cirurgia (avaliada individualmente em consulta); -N\u00e3o estar gr\u00e1vida; -Ter vontade e motiva\u00e7\u00e3o; &#8211; Compreender as limita\u00e7\u00f5es e os riscos... Read More &amp;raquo\" \/>\n<meta property=\"og:url\" content=\"https:\/\/www.aptomed.com.br\/v2\/especialidades\/oftalmologia\/cirurgia-refrativa\/candidatos-cirurgia-refrativa\/\" \/>\n<meta property=\"og:site_name\" content=\"Aptomed - Sa\u00fade Integrada\" \/>\n<meta property=\"article:modified_time\" content=\"2016-03-29T13:39:36+00:00\" \/>\n<meta property=\"og:image\" content=\"http:\/\/www.aptomed.com.br\/v2\/wp-content\/uploads\/2016\/03\/candidatos-a-cirurgia-refrativa-273x300.jpg\" \/>\n<meta name=\"twitter:card\" content=\"summary\" \/>\n<script type=\"application\/ld+json\" class=\"yoast-schema-graph\">{\"@context\":\"https:\/\/schema.org\",\"@graph\":[{\"@type\":\"WebSite\",\"@id\":\"https:\/\/www.aptomed.com.br\/v2\/#website\",\"url\":\"https:\/\/www.aptomed.com.br\/v2\/\",\"name\":\"Aptomed - Sa\\u00fade Integrada\",\"description\":\"Cl\\u00ednica de profissionais multidisciplinares da \\u00e1rea da sa\\u00fade.\",\"potentialAction\":[{\"@type\":\"SearchAction\",\"target\":\"https:\/\/www.aptomed.com.br\/v2\/?s={search_term_string}\",\"query-input\":\"required name=search_term_string\"}],\"inLanguage\":\"pt-BR\"},{\"@type\":\"ImageObject\",\"@id\":\"https:\/\/www.aptomed.com.br\/v2\/especialidades\/oftalmologia\/cirurgia-refrativa\/candidatos-cirurgia-refrativa\/#primaryimage\",\"inLanguage\":\"pt-BR\",\"url\":\"http:\/\/www.aptomed.com.br\/v2\/wp-content\/uploads\/2016\/03\/candidatos-a-cirurgia-refrativa-273x300.jpg\",\"contentUrl\":\"http:\/\/www.aptomed.com.br\/v2\/wp-content\/uploads\/2016\/03\/candidatos-a-cirurgia-refrativa-273x300.jpg\"},{\"@type\":\"WebPage\",\"@id\":\"https:\/\/www.aptomed.com.br\/v2\/especialidades\/oftalmologia\/cirurgia-refrativa\/candidatos-cirurgia-refrativa\/#webpage\",\"url\":\"https:\/\/www.aptomed.com.br\/v2\/especialidades\/oftalmologia\/cirurgia-refrativa\/candidatos-cirurgia-refrativa\/\",\"name\":\"Candidatos \\u00e0 cirurgia refrativa - Aptomed - Sa\\u00fade Integrada\",\"isPartOf\":{\"@id\":\"https:\/\/www.aptomed.com.br\/v2\/#website\"},\"primaryImageOfPage\":{\"@id\":\"https:\/\/www.aptomed.com.br\/v2\/especialidades\/oftalmologia\/cirurgia-refrativa\/candidatos-cirurgia-refrativa\/#primaryimage\"},\"datePublished\":\"2016-03-09T14:20:55+00:00\",\"dateModified\":\"2016-03-29T13:39:36+00:00\",\"breadcrumb\":{\"@id\":\"https:\/\/www.aptomed.com.br\/v2\/especialidades\/oftalmologia\/cirurgia-refrativa\/candidatos-cirurgia-refrativa\/#breadcrumb\"},\"inLanguage\":\"pt-BR\",\"potentialAction\":[{\"@type\":\"ReadAction\",\"target\":[\"https:\/\/www.aptomed.com.br\/v2\/especialidades\/oftalmologia\/cirurgia-refrativa\/candidatos-cirurgia-refrativa\/\"]}]},{\"@type\":\"BreadcrumbList\",\"@id\":\"https:\/\/www.aptomed.com.br\/v2\/especialidades\/oftalmologia\/cirurgia-refrativa\/candidatos-cirurgia-refrativa\/#breadcrumb\",\"itemListElement\":[{\"@type\":\"ListItem\",\"position\":1,\"item\":{\"@type\":\"WebPage\",\"@id\":\"https:\/\/www.aptomed.com.br\/v2\/\",\"url\":\"https:\/\/www.aptomed.com.br\/v2\/\",\"name\":\"In\\u00edcio\"}},{\"@type\":\"ListItem\",\"position\":2,\"item\":{\"@type\":\"WebPage\",\"@id\":\"https:\/\/www.aptomed.com.br\/v2\/especialidades\/\",\"url\":\"https:\/\/www.aptomed.com.br\/v2\/especialidades\/\",\"name\":\"Especialidades\"}},{\"@type\":\"ListItem\",\"position\":3,\"item\":{\"@type\":\"WebPage\",\"@id\":\"https:\/\/www.aptomed.com.br\/v2\/especialidades\/oftalmologia\/\",\"url\":\"https:\/\/www.aptomed.com.br\/v2\/especialidades\/oftalmologia\/\",\"name\":\"Oftalmologia\"}},{\"@type\":\"ListItem\",\"position\":4,\"item\":{\"@type\":\"WebPage\",\"@id\":\"https:\/\/www.aptomed.com.br\/v2\/especialidades\/oftalmologia\/cirurgia-refrativa\/\",\"url\":\"https:\/\/www.aptomed.com.br\/v2\/especialidades\/oftalmologia\/cirurgia-refrativa\/\",\"name\":\"Cirurgia Refrativa\"}},{\"@type\":\"ListItem\",\"position\":5,\"item\":{\"@id\":\"https:\/\/www.aptomed.com.br\/v2\/especialidades\/oftalmologia\/cirurgia-refrativa\/candidatos-cirurgia-refrativa\/#webpage\"}}]}]}<\/script>\n<!-- \/ Yoast SEO plugin. -->","_links":{"self":[{"href":"https:\/\/www.aptomed.com.br\/v2\/wp-json\/wp\/v2\/pages\/296"}],"collection":[{"href":"https:\/\/www.aptomed.com.br\/v2\/wp-json\/wp\/v2\/pages"}],"about":[{"href":"https:\/\/www.aptomed.com.br\/v2\/wp-json\/wp\/v2\/types\/page"}],"author":[{"embeddable":true,"href":"https:\/\/www.aptomed.com.br\/v2\/wp-json\/wp\/v2\/users\/1"}],"replies":[{"embeddable":true,"href":"https:\/\/www.aptomed.com.br\/v2\/wp-json\/wp\/v2\/comments?post=296"}],"version-history":[{"count":4,"href":"https:\/\/www.aptomed.com.br\/v2\/wp-json\/wp\/v2\/pages\/296\/revisions"}],"predecessor-version":[{"id":961,"href":"https:\/\/www.aptomed.com.br\/v2\/wp-json\/wp\/v2\/pages\/296\/revisions\/961"}],"up":[{"embeddable":true,"href":"https:\/\/www.aptomed.com.br\/v2\/wp-json\/wp\/v2\/pages\/286"}],"wp:attachment":[{"href":"https:\/\/www.aptomed.com.br\/v2\/wp-json\/wp\/v2\/media?parent=296"}],"curies":[{"name":"wp","href":"https:\/\/api.w.org\/{rel}","templated":true}]}}