{"id":458,"date":"2016-03-14T13:34:12","date_gmt":"2016-03-14T13:34:12","guid":{"rendered":"http:\/\/www.aptomed.com.br\/v2\/?page_id=458"},"modified":"2016-04-05T11:58:50","modified_gmt":"2016-04-05T11:58:50","slug":"iridectomia-com-yag-laser","status":"publish","type":"page","link":"https:\/\/www.aptomed.com.br\/v2\/especialidades\/oftalmologia\/exames-e-procedimentos-oftalmologicos\/iridectomia-com-yag-laser\/","title":{"rendered":"Iridectomia com Yag LASER"},"content":{"rendered":"<p><strong>Iridectomia ou Iridotomia com Yag LASER<\/strong><\/p>\n<p>\u00c9 um procedimento realizado para casos de <strong>Glaucoma de \u00e2ngulo fechado<\/strong> ou estreito e para realizar <strong>pupiloplastia<\/strong>. Os pacientes devem vir com acompanhante e necessitam alguns cuidados especiais ap\u00f3s realiz\u00e1-lo, como, por exemplo, n\u00e3o fazer esfor\u00e7o f\u00edsico intenso durante um curto per\u00edodo. N\u00e3o possui laudo do procedimento, apenas uma carta de agradecimento pelo encaminhamento com informa\u00e7\u00e3o quanto ao p\u00f3s\u2013procedimento, por\u00e9m n\u00e3o s\u00e3o todos os m\u00e9dicos que a fazem.<\/p>\n<p>Saiba mais:<\/p>\n<p><a href=\"http:\/\/www.aptomed.com.br\/v2\/canal\/oftalmologia\/glaucoma\/glaucoma-de-angulo-fechado\/\">Glaucoma de \u00e2ngulo fechado<\/a><\/p>\n","protected":false},"excerpt":{"rendered":"<p>Iridectomia ou Iridotomia com Yag LASER \u00c9 um procedimento realizado para casos de Glaucoma de \u00e2ngulo fechado ou estreito e para realizar pupiloplastia. Os pacientes devem vir com acompanhante e necessitam alguns cuidados especiais ap\u00f3s realiz\u00e1-lo, como, por exemplo, n\u00e3o fazer esfor\u00e7o f\u00edsico intenso durante um curto per\u00edodo. N\u00e3o possui laudo do procedimento, apenas uma&#8230; <a href=\"https:\/\/www.aptomed.com.br\/v2\/especialidades\/oftalmologia\/exames-e-procedimentos-oftalmologicos\/iridectomia-com-yag-laser\/\" class=\"readmore\">Read More &#038;raquo<\/a><\/p>\n","protected":false},"author":1,"featured_media":0,"parent":390,"menu_order":0,"comment_status":"closed","ping_status":"closed","template":"","meta":[],"yoast_head":"<!-- This site is optimized with the Yoast SEO plugin v16.2 - https:\/\/yoast.com\/wordpress\/plugins\/seo\/ -->\n<title>Iridectomia com Yag LASER - Aptomed - Sa\u00fade Integrada<\/title>\n<meta name=\"robots\" content=\"index, follow, max-snippet:-1, max-image-preview:large, max-video-preview:-1\" \/>\n<link rel=\"canonical\" href=\"https:\/\/www.aptomed.com.br\/v2\/especialidades\/oftalmologia\/exames-e-procedimentos-oftalmologicos\/iridectomia-com-yag-laser\/\" \/>\n<meta property=\"og:locale\" content=\"pt_BR\" \/>\n<meta property=\"og:type\" content=\"article\" \/>\n<meta property=\"og:title\" content=\"Iridectomia com Yag LASER - Aptomed - Sa\u00fade Integrada\" \/>\n<meta property=\"og:description\" content=\"Iridectomia ou Iridotomia com Yag LASER \u00c9 um procedimento realizado para casos de Glaucoma de \u00e2ngulo fechado ou estreito e para realizar pupiloplastia. Os pacientes devem vir com acompanhante e necessitam alguns cuidados especiais ap\u00f3s realiz\u00e1-lo, como, por exemplo, n\u00e3o fazer esfor\u00e7o f\u00edsico intenso durante um curto per\u00edodo. N\u00e3o possui laudo do procedimento, apenas uma... Read More &amp;raquo\" \/>\n<meta property=\"og:url\" content=\"https:\/\/www.aptomed.com.br\/v2\/especialidades\/oftalmologia\/exames-e-procedimentos-oftalmologicos\/iridectomia-com-yag-laser\/\" \/>\n<meta property=\"og:site_name\" content=\"Aptomed - Sa\u00fade Integrada\" \/>\n<meta property=\"article:modified_time\" content=\"2016-04-05T11:58:50+00:00\" \/>\n<meta name=\"twitter:card\" content=\"summary\" \/>\n<script type=\"application\/ld+json\" class=\"yoast-schema-graph\">{\"@context\":\"https:\/\/schema.org\",\"@graph\":[{\"@type\":\"WebSite\",\"@id\":\"https:\/\/www.aptomed.com.br\/v2\/#website\",\"url\":\"https:\/\/www.aptomed.com.br\/v2\/\",\"name\":\"Aptomed - Sa\\u00fade Integrada\",\"description\":\"Cl\\u00ednica de profissionais multidisciplinares da \\u00e1rea da sa\\u00fade.\",\"potentialAction\":[{\"@type\":\"SearchAction\",\"target\":\"https:\/\/www.aptomed.com.br\/v2\/?s={search_term_string}\",\"query-input\":\"required name=search_term_string\"}],\"inLanguage\":\"pt-BR\"},{\"@type\":\"WebPage\",\"@id\":\"https:\/\/www.aptomed.com.br\/v2\/especialidades\/oftalmologia\/exames-e-procedimentos-oftalmologicos\/iridectomia-com-yag-laser\/#webpage\",\"url\":\"https:\/\/www.aptomed.com.br\/v2\/especialidades\/oftalmologia\/exames-e-procedimentos-oftalmologicos\/iridectomia-com-yag-laser\/\",\"name\":\"Iridectomia com Yag LASER - Aptomed - Sa\\u00fade Integrada\",\"isPartOf\":{\"@id\":\"https:\/\/www.aptomed.com.br\/v2\/#website\"},\"datePublished\":\"2016-03-14T13:34:12+00:00\",\"dateModified\":\"2016-04-05T11:58:50+00:00\",\"breadcrumb\":{\"@id\":\"https:\/\/www.aptomed.com.br\/v2\/especialidades\/oftalmologia\/exames-e-procedimentos-oftalmologicos\/iridectomia-com-yag-laser\/#breadcrumb\"},\"inLanguage\":\"pt-BR\",\"potentialAction\":[{\"@type\":\"ReadAction\",\"target\":[\"https:\/\/www.aptomed.com.br\/v2\/especialidades\/oftalmologia\/exames-e-procedimentos-oftalmologicos\/iridectomia-com-yag-laser\/\"]}]},{\"@type\":\"BreadcrumbList\",\"@id\":\"https:\/\/www.aptomed.com.br\/v2\/especialidades\/oftalmologia\/exames-e-procedimentos-oftalmologicos\/iridectomia-com-yag-laser\/#breadcrumb\",\"itemListElement\":[{\"@type\":\"ListItem\",\"position\":1,\"item\":{\"@type\":\"WebPage\",\"@id\":\"https:\/\/www.aptomed.com.br\/v2\/\",\"url\":\"https:\/\/www.aptomed.com.br\/v2\/\",\"name\":\"In\\u00edcio\"}},{\"@type\":\"ListItem\",\"position\":2,\"item\":{\"@type\":\"WebPage\",\"@id\":\"https:\/\/www.aptomed.com.br\/v2\/especialidades\/\",\"url\":\"https:\/\/www.aptomed.com.br\/v2\/especialidades\/\",\"name\":\"Especialidades\"}},{\"@type\":\"ListItem\",\"position\":3,\"item\":{\"@type\":\"WebPage\",\"@id\":\"https:\/\/www.aptomed.com.br\/v2\/especialidades\/oftalmologia\/\",\"url\":\"https:\/\/www.aptomed.com.br\/v2\/especialidades\/oftalmologia\/\",\"name\":\"Oftalmologia\"}},{\"@type\":\"ListItem\",\"position\":4,\"item\":{\"@type\":\"WebPage\",\"@id\":\"https:\/\/www.aptomed.com.br\/v2\/especialidades\/oftalmologia\/exames-e-procedimentos-oftalmologicos\/\",\"url\":\"https:\/\/www.aptomed.com.br\/v2\/especialidades\/oftalmologia\/exames-e-procedimentos-oftalmologicos\/\",\"name\":\"Exames e Procedimentos Oftalmologicos\"}},{\"@type\":\"ListItem\",\"position\":5,\"item\":{\"@id\":\"https:\/\/www.aptomed.com.br\/v2\/especialidades\/oftalmologia\/exames-e-procedimentos-oftalmologicos\/iridectomia-com-yag-laser\/#webpage\"}}]}]}<\/script>\n<!-- \/ Yoast SEO plugin. -->","_links":{"self":[{"href":"https:\/\/www.aptomed.com.br\/v2\/wp-json\/wp\/v2\/pages\/458"}],"collection":[{"href":"https:\/\/www.aptomed.com.br\/v2\/wp-json\/wp\/v2\/pages"}],"about":[{"href":"https:\/\/www.aptomed.com.br\/v2\/wp-json\/wp\/v2\/types\/page"}],"author":[{"embeddable":true,"href":"https:\/\/www.aptomed.com.br\/v2\/wp-json\/wp\/v2\/users\/1"}],"replies":[{"embeddable":true,"href":"https:\/\/www.aptomed.com.br\/v2\/wp-json\/wp\/v2\/comments?post=458"}],"version-history":[{"count":2,"href":"https:\/\/www.aptomed.com.br\/v2\/wp-json\/wp\/v2\/pages\/458\/revisions"}],"predecessor-version":[{"id":985,"href":"https:\/\/www.aptomed.com.br\/v2\/wp-json\/wp\/v2\/pages\/458\/revisions\/985"}],"up":[{"embeddable":true,"href":"https:\/\/www.aptomed.com.br\/v2\/wp-json\/wp\/v2\/pages\/390"}],"wp:attachment":[{"href":"https:\/\/www.aptomed.com.br\/v2\/wp-json\/wp\/v2\/media?parent=458"}],"curies":[{"name":"wp","href":"https:\/\/api.w.org\/{rel}","templated":true}]}}