{"id":464,"date":"2016-03-14T13:40:16","date_gmt":"2016-03-14T13:40:16","guid":{"rendered":"http:\/\/www.aptomed.com.br\/v2\/?page_id=464"},"modified":"2016-03-14T13:40:59","modified_gmt":"2016-03-14T13:40:59","slug":"orbscan-ii","status":"publish","type":"page","link":"https:\/\/www.aptomed.com.br\/v2\/especialidades\/oftalmologia\/exames-e-procedimentos-oftalmologicos\/orbscan-ii\/","title":{"rendered":"ORBSCAN II"},"content":{"rendered":"<p>Avalia em uma s\u00f3 etapa a face anterior e posterior da c\u00f3rnea, obtendo dados de ceratometria, paquimetria, pupilometria, profundidade da c\u00e2mara anterior e medida de branco a branco. Em casos de Ceratocone, avalia\u00e7\u00e3o pr\u00e9 e p\u00f3s-operat\u00f3ria de Cirurgia Refrativa e retoques (exemplo : cirurgia de miopia, hipermetropia e astigmatismo), pr\u00e9 e p\u00f3s operat\u00f3rio de Transplantes de c\u00f3rnea, usu\u00e1rios de lentes de contato, suspeita de Glaucoma (paquimetria), edema de c\u00f3rnea, para implante de lentes de c\u00e2mara anterior (para altas miopias e hipermetropias).<br \/>\n*Recomenda-se para o paciente que retire as lentes de contato 72 hs antes da realiza\u00e7\u00e3o do exame (ou a crit\u00e9rio m\u00e9dico), caso fa\u00e7a uso.<\/p>\n","protected":false},"excerpt":{"rendered":"<p>Avalia em uma s\u00f3 etapa a face anterior e posterior da c\u00f3rnea, obtendo dados de ceratometria, paquimetria, pupilometria, profundidade da c\u00e2mara anterior e medida de branco a branco. Em casos de Ceratocone, avalia\u00e7\u00e3o pr\u00e9 e p\u00f3s-operat\u00f3ria de Cirurgia Refrativa e retoques (exemplo : cirurgia de miopia, hipermetropia e astigmatismo), pr\u00e9 e p\u00f3s operat\u00f3rio de Transplantes&#8230; <a href=\"https:\/\/www.aptomed.com.br\/v2\/especialidades\/oftalmologia\/exames-e-procedimentos-oftalmologicos\/orbscan-ii\/\" class=\"readmore\">Read More &#038;raquo<\/a><\/p>\n","protected":false},"author":1,"featured_media":0,"parent":390,"menu_order":0,"comment_status":"closed","ping_status":"closed","template":"","meta":[],"yoast_head":"<!-- This site is optimized with the Yoast SEO plugin v16.2 - https:\/\/yoast.com\/wordpress\/plugins\/seo\/ -->\n<title>ORBSCAN II - Aptomed - Sa\u00fade Integrada<\/title>\n<meta name=\"robots\" content=\"index, follow, max-snippet:-1, max-image-preview:large, max-video-preview:-1\" \/>\n<link rel=\"canonical\" href=\"https:\/\/www.aptomed.com.br\/v2\/especialidades\/oftalmologia\/exames-e-procedimentos-oftalmologicos\/orbscan-ii\/\" \/>\n<meta property=\"og:locale\" content=\"pt_BR\" \/>\n<meta property=\"og:type\" content=\"article\" \/>\n<meta property=\"og:title\" content=\"ORBSCAN II - Aptomed - Sa\u00fade Integrada\" \/>\n<meta property=\"og:description\" content=\"Avalia em uma s\u00f3 etapa a face anterior e posterior da c\u00f3rnea, obtendo dados de ceratometria, paquimetria, pupilometria, profundidade da c\u00e2mara anterior e medida de branco a branco. Em casos de Ceratocone, avalia\u00e7\u00e3o pr\u00e9 e p\u00f3s-operat\u00f3ria de Cirurgia Refrativa e retoques (exemplo : cirurgia de miopia, hipermetropia e astigmatismo), pr\u00e9 e p\u00f3s operat\u00f3rio de Transplantes... Read More &amp;raquo\" \/>\n<meta property=\"og:url\" content=\"https:\/\/www.aptomed.com.br\/v2\/especialidades\/oftalmologia\/exames-e-procedimentos-oftalmologicos\/orbscan-ii\/\" \/>\n<meta property=\"og:site_name\" content=\"Aptomed - Sa\u00fade Integrada\" \/>\n<meta property=\"article:modified_time\" content=\"2016-03-14T13:40:59+00:00\" \/>\n<meta name=\"twitter:card\" content=\"summary\" \/>\n<meta name=\"twitter:label1\" content=\"Est. tempo de leitura\">\n\t<meta name=\"twitter:data1\" content=\"1 minuto\">\n<script type=\"application\/ld+json\" class=\"yoast-schema-graph\">{\"@context\":\"https:\/\/schema.org\",\"@graph\":[{\"@type\":\"WebSite\",\"@id\":\"https:\/\/www.aptomed.com.br\/v2\/#website\",\"url\":\"https:\/\/www.aptomed.com.br\/v2\/\",\"name\":\"Aptomed - Sa\\u00fade Integrada\",\"description\":\"Cl\\u00ednica de profissionais multidisciplinares da \\u00e1rea da sa\\u00fade.\",\"potentialAction\":[{\"@type\":\"SearchAction\",\"target\":\"https:\/\/www.aptomed.com.br\/v2\/?s={search_term_string}\",\"query-input\":\"required name=search_term_string\"}],\"inLanguage\":\"pt-BR\"},{\"@type\":\"WebPage\",\"@id\":\"https:\/\/www.aptomed.com.br\/v2\/especialidades\/oftalmologia\/exames-e-procedimentos-oftalmologicos\/orbscan-ii\/#webpage\",\"url\":\"https:\/\/www.aptomed.com.br\/v2\/especialidades\/oftalmologia\/exames-e-procedimentos-oftalmologicos\/orbscan-ii\/\",\"name\":\"ORBSCAN II - Aptomed - Sa\\u00fade Integrada\",\"isPartOf\":{\"@id\":\"https:\/\/www.aptomed.com.br\/v2\/#website\"},\"datePublished\":\"2016-03-14T13:40:16+00:00\",\"dateModified\":\"2016-03-14T13:40:59+00:00\",\"breadcrumb\":{\"@id\":\"https:\/\/www.aptomed.com.br\/v2\/especialidades\/oftalmologia\/exames-e-procedimentos-oftalmologicos\/orbscan-ii\/#breadcrumb\"},\"inLanguage\":\"pt-BR\",\"potentialAction\":[{\"@type\":\"ReadAction\",\"target\":[\"https:\/\/www.aptomed.com.br\/v2\/especialidades\/oftalmologia\/exames-e-procedimentos-oftalmologicos\/orbscan-ii\/\"]}]},{\"@type\":\"BreadcrumbList\",\"@id\":\"https:\/\/www.aptomed.com.br\/v2\/especialidades\/oftalmologia\/exames-e-procedimentos-oftalmologicos\/orbscan-ii\/#breadcrumb\",\"itemListElement\":[{\"@type\":\"ListItem\",\"position\":1,\"item\":{\"@type\":\"WebPage\",\"@id\":\"https:\/\/www.aptomed.com.br\/v2\/\",\"url\":\"https:\/\/www.aptomed.com.br\/v2\/\",\"name\":\"In\\u00edcio\"}},{\"@type\":\"ListItem\",\"position\":2,\"item\":{\"@type\":\"WebPage\",\"@id\":\"https:\/\/www.aptomed.com.br\/v2\/especialidades\/\",\"url\":\"https:\/\/www.aptomed.com.br\/v2\/especialidades\/\",\"name\":\"Especialidades\"}},{\"@type\":\"ListItem\",\"position\":3,\"item\":{\"@type\":\"WebPage\",\"@id\":\"https:\/\/www.aptomed.com.br\/v2\/especialidades\/oftalmologia\/\",\"url\":\"https:\/\/www.aptomed.com.br\/v2\/especialidades\/oftalmologia\/\",\"name\":\"Oftalmologia\"}},{\"@type\":\"ListItem\",\"position\":4,\"item\":{\"@type\":\"WebPage\",\"@id\":\"https:\/\/www.aptomed.com.br\/v2\/especialidades\/oftalmologia\/exames-e-procedimentos-oftalmologicos\/\",\"url\":\"https:\/\/www.aptomed.com.br\/v2\/especialidades\/oftalmologia\/exames-e-procedimentos-oftalmologicos\/\",\"name\":\"Exames e Procedimentos Oftalmologicos\"}},{\"@type\":\"ListItem\",\"position\":5,\"item\":{\"@id\":\"https:\/\/www.aptomed.com.br\/v2\/especialidades\/oftalmologia\/exames-e-procedimentos-oftalmologicos\/orbscan-ii\/#webpage\"}}]}]}<\/script>\n<!-- \/ Yoast SEO plugin. -->","_links":{"self":[{"href":"https:\/\/www.aptomed.com.br\/v2\/wp-json\/wp\/v2\/pages\/464"}],"collection":[{"href":"https:\/\/www.aptomed.com.br\/v2\/wp-json\/wp\/v2\/pages"}],"about":[{"href":"https:\/\/www.aptomed.com.br\/v2\/wp-json\/wp\/v2\/types\/page"}],"author":[{"embeddable":true,"href":"https:\/\/www.aptomed.com.br\/v2\/wp-json\/wp\/v2\/users\/1"}],"replies":[{"embeddable":true,"href":"https:\/\/www.aptomed.com.br\/v2\/wp-json\/wp\/v2\/comments?post=464"}],"version-history":[{"count":2,"href":"https:\/\/www.aptomed.com.br\/v2\/wp-json\/wp\/v2\/pages\/464\/revisions"}],"predecessor-version":[{"id":466,"href":"https:\/\/www.aptomed.com.br\/v2\/wp-json\/wp\/v2\/pages\/464\/revisions\/466"}],"up":[{"embeddable":true,"href":"https:\/\/www.aptomed.com.br\/v2\/wp-json\/wp\/v2\/pages\/390"}],"wp:attachment":[{"href":"https:\/\/www.aptomed.com.br\/v2\/wp-json\/wp\/v2\/media?parent=464"}],"curies":[{"name":"wp","href":"https:\/\/api.w.org\/{rel}","templated":true}]}}