{"id":473,"date":"2016-03-14T13:52:47","date_gmt":"2016-03-14T13:52:47","guid":{"rendered":"http:\/\/www.aptomed.com.br\/v2\/?page_id=473"},"modified":"2016-04-05T12:02:28","modified_gmt":"2016-04-05T12:02:28","slug":"paquimetria-ultrassonica-mede-espessura-da-cornea","status":"publish","type":"page","link":"https:\/\/www.aptomed.com.br\/v2\/especialidades\/oftalmologia\/exames-e-procedimentos-oftalmologicos\/paquimetria-ultrassonica-mede-espessura-da-cornea\/","title":{"rendered":"Paquimetria Ultrass\u00f4nica &#8211; Mede a espessura da c\u00f3rnea"},"content":{"rendered":"<p>A c\u00f3rnea \u00e9 a membrana transparente atrav\u00e9s da qual visualizamos a \u00edris que d\u00e1 cor aos olhos, e a pupila.<\/p>\n<p style=\"text-align: center;\"><img loading=\"lazy\" class=\"size-medium wp-image-476 aligncenter\" src=\"http:\/\/www.aptomed.com.br\/v2\/wp-content\/uploads\/2016\/03\/paquimetria-ultrassonica-mede-a-espessura-da-cornea-1-300x199.jpg\" alt=\"Paquimetria Ultrass\u00f4nica - Mede a espessura da c\u00f3rnea\" width=\"300\" height=\"199\" srcset=\"https:\/\/www.aptomed.com.br\/v2\/wp-content\/uploads\/2016\/03\/paquimetria-ultrassonica-mede-a-espessura-da-cornea-1-300x199.jpg 300w, https:\/\/www.aptomed.com.br\/v2\/wp-content\/uploads\/2016\/03\/paquimetria-ultrassonica-mede-a-espessura-da-cornea-1.jpg 600w\" sizes=\"(max-width: 300px) 100vw, 300px\" \/>\u00a0C\u00f3rnea: Tecido avaliado na<strong> paquimetria<\/strong><\/p>\n<p>Al\u00e9m de permitir a passagem da luz dos objetos no seu caminho at\u00e9 a retina, a c\u00f3rnea funciona como uma poderosa lente, focalizando as imagens.<\/p>\n<p style=\"text-align: center;\"><img loading=\"lazy\" class=\"size-medium wp-image-477 aligncenter\" src=\"http:\/\/www.aptomed.com.br\/v2\/wp-content\/uploads\/2016\/03\/paquimetria-ultrassonica-mede-a-espessura-da-cornea-2-300x230.jpg\" alt=\"Paquimetria Ultrass\u00f4nica - Mede a espessura da c\u00f3rnea\" width=\"300\" height=\"230\" srcset=\"https:\/\/www.aptomed.com.br\/v2\/wp-content\/uploads\/2016\/03\/paquimetria-ultrassonica-mede-a-espessura-da-cornea-2-300x230.jpg 300w, https:\/\/www.aptomed.com.br\/v2\/wp-content\/uploads\/2016\/03\/paquimetria-ultrassonica-mede-a-espessura-da-cornea-2.jpg 400w\" sizes=\"(max-width: 300px) 100vw, 300px\" \/>Camadas da c\u00f3rnea: Espessura avaliada pela<strong> paquimetria<\/strong><\/p>\n<p>A<strong> paquimetria corneal<\/strong> \u00e9 um dos exames de que dispomos para avalia-la e consiste na medida da sua espessura.<\/p>\n<p style=\"text-align: center;\"><img loading=\"lazy\" class=\"size-medium wp-image-478 aligncenter\" src=\"http:\/\/www.aptomed.com.br\/v2\/wp-content\/uploads\/2016\/03\/paquimetria-ultrassonica-mede-a-espessura-da-cornea-3-300x205.jpg\" alt=\"Paquimetria Ultrass\u00f4nica - Mede a espessura da c\u00f3rnea\" width=\"300\" height=\"205\" srcset=\"https:\/\/www.aptomed.com.br\/v2\/wp-content\/uploads\/2016\/03\/paquimetria-ultrassonica-mede-a-espessura-da-cornea-3-300x205.jpg 300w, https:\/\/www.aptomed.com.br\/v2\/wp-content\/uploads\/2016\/03\/paquimetria-ultrassonica-mede-a-espessura-da-cornea-3.jpg 473w\" sizes=\"(max-width: 300px) 100vw, 300px\" \/><br \/>\nPaqu\u00edmetro: Aparelho que realiza a <strong>paquimetria<\/strong><\/p>\n<p style=\"text-align: left;\"><strong>Alguma indica\u00e7\u00f5es da Paquimetria:<\/strong><\/p>\n<p style=\"text-align: left;\"><a href=\"http:\/\/www.aptomed.com.br\/v2\/canal\/oftalmologia\/cirurgia-refrativa\/\">Cirurgia Refrativa<\/a><br \/>\n<a href=\"http:\/\/www.aptomed.com.br\/v2\/canal\/oftalmologia\/glaucoma\/\">Glaucoma<\/a><br \/>\n<a href=\"http:\/\/www.aptomed.com.br\/v2\/canal\/oftalmologia\/ceratocone\/\">Ceratocone<\/a><\/p>\n<p style=\"text-align: left;\">Mudan\u00e7as na<strong> espessura da c\u00f3rnea<\/strong> podem estar relacionadas a altera\u00e7\u00f5es da sua curvatura, com repercuss\u00e3o na qualidade de vis\u00e3o. Pacientes com ceratocone normalmente apresentam um <strong>afinamento corneal<\/strong> acompanhando o aumento da sua curvatura.<\/p>\n<p style=\"text-align: center;\"><img loading=\"lazy\" class=\"size-medium wp-image-479 aligncenter\" src=\"http:\/\/www.aptomed.com.br\/v2\/wp-content\/uploads\/2016\/03\/paquimetria-ultrassonica-mede-a-espessura-da-cornea-4-300x247.jpg\" alt=\"Paquimetria Ultrass\u00f4nica - Mede a espessura da c\u00f3rnea\" width=\"300\" height=\"247\" srcset=\"https:\/\/www.aptomed.com.br\/v2\/wp-content\/uploads\/2016\/03\/paquimetria-ultrassonica-mede-a-espessura-da-cornea-4-300x247.jpg 300w, https:\/\/www.aptomed.com.br\/v2\/wp-content\/uploads\/2016\/03\/paquimetria-ultrassonica-mede-a-espessura-da-cornea-4.jpg 535w\" sizes=\"(max-width: 300px) 100vw, 300px\" \/>Ceratocone: Doen\u00e7a com afinamento corneal medido pela <strong>paquimetria<\/strong>.<\/p>\n<p>A <strong>paquimetria<\/strong> \u00e9 realizada nos pacientes<strong> candidatos a cirurgia refrativa<\/strong>, para corre\u00e7\u00e3o da miopia, astigmatismo e hipermetropia, e nos casos em que haja suspeita ou altera\u00e7\u00e3o j\u00e1 confirmada da <strong>c\u00f3rnea<\/strong>.<\/p>\n<p style=\"text-align: center;\"><img loading=\"lazy\" class=\"size-full wp-image-480 aligncenter\" src=\"http:\/\/www.aptomed.com.br\/v2\/wp-content\/uploads\/2016\/03\/paquimetria-ultrassonica-mede-a-espessura-da-cornea-5.gif\" alt=\"Paquimetria Ultrass\u00f4nica - Mede a espessura da c\u00f3rnea\" width=\"245\" height=\"184\" \/>Paquimetria:Exame pr\u00e9-operat\u00f3rio<br \/>\nCirurgia Refrativa<\/p>\n<p>Uma <strong>indica\u00e7\u00e3o de paquimetria<\/strong> mais recente \u00e9 nas pessoas portadoras de<strong> glaucoma<\/strong>.<\/p>\n<p>O conhecimento da<strong> espessura da c\u00f3rnea<\/strong> nestes casos \u00e9 importante na interpreta\u00e7\u00e3o das medidas da press\u00e3o intra-ocular. <strong>C\u00f3rneas finas<\/strong> podem subestimar a press\u00e3o intra-ocular, enquanto as c\u00f3rneas muito espessas pode hiperestim\u00e1-las.<\/p>\n<p style=\"text-align: center;\"><img loading=\"lazy\" class=\"size-medium wp-image-481 aligncenter\" src=\"http:\/\/www.aptomed.com.br\/v2\/wp-content\/uploads\/2016\/03\/paquimetria-ultrassonica-mede-a-espessura-da-cornea-6-211x300.jpg\" alt=\"Paquimetria Ultrass\u00f4nica - Mede a espessura da c\u00f3rnea\" width=\"211\" height=\"300\" srcset=\"https:\/\/www.aptomed.com.br\/v2\/wp-content\/uploads\/2016\/03\/paquimetria-ultrassonica-mede-a-espessura-da-cornea-6-211x300.jpg 211w, https:\/\/www.aptomed.com.br\/v2\/wp-content\/uploads\/2016\/03\/paquimetria-ultrassonica-mede-a-espessura-da-cornea-6.jpg 515w\" sizes=\"(max-width: 211px) 100vw, 211px\" \/>Espessura da c\u00f3rnea: <strong>Paquimetria<\/strong><\/p>\n<p>A <strong>paquimetria<\/strong> tamb\u00e9m \u00e9 \u00fatil no acompanhamento do edema (incha\u00e7o) de c\u00f3rnea (p\u00f3s-cir\u00fargico, Distrofia de Fuch&#8217;s, usu\u00e1rios de lentes de contato e outros) e de diversas doen\u00e7as que podem diminuir a <strong>espessura corneal<\/strong> (ceratocone, ectasias corneanas perif\u00e9ricas, etc.).<\/p>\n<p>A <strong>medida da espessura da c\u00f3rnea<\/strong> pode ser feita utilizando-se o<strong> ultrassom (paquimetria ultrass\u00f4nica)<\/strong> ou a luz <strong>(paquimetria \u00f3ptica)<\/strong>.<\/p>\n<p>Os instrumentos mais precisos utilizam o <strong>ultrassom<\/strong>. Este m\u00e9todo utiliza um feixe focalizado de<strong> ultrassom<\/strong> para medir a <strong>espessura da c\u00f3rnea<\/strong>. Pode ser realizado na \u00e1rea central (mais utilizado), paracentral ou na periferia da c\u00f3rnea, fornecendo medidas em micras. Em casos de<strong> afinamento corneal<\/strong> localizado, pode-se medir um ponto isolado.<\/p>\n<p style=\"text-align: center;\"><img loading=\"lazy\" class=\"size-medium wp-image-482 aligncenter\" src=\"http:\/\/www.aptomed.com.br\/v2\/wp-content\/uploads\/2016\/03\/paquimetria-ultrassonica-mede-a-espessura-da-cornea-7-300x109.jpg\" alt=\"Paquimetria Ultrass\u00f4nica - Mede a espessura da c\u00f3rnea\" width=\"300\" height=\"109\" srcset=\"https:\/\/www.aptomed.com.br\/v2\/wp-content\/uploads\/2016\/03\/paquimetria-ultrassonica-mede-a-espessura-da-cornea-7-300x109.jpg 300w, https:\/\/www.aptomed.com.br\/v2\/wp-content\/uploads\/2016\/03\/paquimetria-ultrassonica-mede-a-espessura-da-cornea-7.jpg 387w\" sizes=\"(max-width: 300px) 100vw, 300px\" \/><strong>Paquimetria<\/strong>:realiza\u00e7\u00e3o do exame.<\/p>\n<p>A <strong>Paquimetria<\/strong> \u00e9 um exame indolor, de r\u00e1pida execu\u00e7\u00e3o e n\u00e3o atrapalha a vis\u00e3o. Geralmente n\u00e3o necessita de acompanhantes. O paciente deve estar sem \u00f3culos ou lentes de contato caso fa\u00e7a uso.<\/p>\n<p>Para a realiza\u00e7\u00e3o da<strong> paquimetria<\/strong> \u00e9 necess\u00e1ria a instila\u00e7\u00e3o de uma gota de col\u00edrio anest\u00e9sico.<\/p>\n<p>O paciente deve fixar o olhar no ponto determinado pelo m\u00e9dico, para que, com uma sonda ultrass\u00f4nica, sejam feitas as medidas da<strong> espessura corneal<\/strong>.<\/p>\n","protected":false},"excerpt":{"rendered":"<p>A c\u00f3rnea \u00e9 a membrana transparente atrav\u00e9s da qual visualizamos a \u00edris que d\u00e1 cor aos olhos, e a pupila. \u00a0C\u00f3rnea: Tecido avaliado na paquimetria Al\u00e9m de permitir a passagem da luz dos objetos no seu caminho at\u00e9 a retina, a c\u00f3rnea funciona como uma poderosa lente, focalizando as imagens. Camadas da c\u00f3rnea: Espessura avaliada&#8230; <a href=\"https:\/\/www.aptomed.com.br\/v2\/especialidades\/oftalmologia\/exames-e-procedimentos-oftalmologicos\/paquimetria-ultrassonica-mede-espessura-da-cornea\/\" class=\"readmore\">Read More &#038;raquo<\/a><\/p>\n","protected":false},"author":1,"featured_media":0,"parent":390,"menu_order":0,"comment_status":"closed","ping_status":"closed","template":"","meta":[],"yoast_head":"<!-- This site is optimized with the Yoast SEO plugin v16.2 - https:\/\/yoast.com\/wordpress\/plugins\/seo\/ -->\n<title>Paquimetria Ultrass\u00f4nica - Mede a espessura da c\u00f3rnea - Aptomed - Sa\u00fade Integrada<\/title>\n<meta name=\"robots\" content=\"index, follow, max-snippet:-1, max-image-preview:large, max-video-preview:-1\" \/>\n<link rel=\"canonical\" href=\"https:\/\/www.aptomed.com.br\/v2\/especialidades\/oftalmologia\/exames-e-procedimentos-oftalmologicos\/paquimetria-ultrassonica-mede-espessura-da-cornea\/\" \/>\n<meta property=\"og:locale\" content=\"pt_BR\" \/>\n<meta property=\"og:type\" content=\"article\" \/>\n<meta property=\"og:title\" content=\"Paquimetria Ultrass\u00f4nica - Mede a espessura da c\u00f3rnea - Aptomed - Sa\u00fade Integrada\" \/>\n<meta property=\"og:description\" content=\"A c\u00f3rnea \u00e9 a membrana transparente atrav\u00e9s da qual visualizamos a \u00edris que d\u00e1 cor aos olhos, e a pupila. \u00a0C\u00f3rnea: Tecido avaliado na paquimetria Al\u00e9m de permitir a passagem da luz dos objetos no seu caminho at\u00e9 a retina, a c\u00f3rnea funciona como uma poderosa lente, focalizando as imagens. Camadas da c\u00f3rnea: Espessura avaliada... Read More &amp;raquo\" \/>\n<meta property=\"og:url\" content=\"https:\/\/www.aptomed.com.br\/v2\/especialidades\/oftalmologia\/exames-e-procedimentos-oftalmologicos\/paquimetria-ultrassonica-mede-espessura-da-cornea\/\" \/>\n<meta property=\"og:site_name\" content=\"Aptomed - Sa\u00fade Integrada\" \/>\n<meta property=\"article:modified_time\" content=\"2016-04-05T12:02:28+00:00\" \/>\n<meta property=\"og:image\" content=\"http:\/\/www.aptomed.com.br\/v2\/wp-content\/uploads\/2016\/03\/paquimetria-ultrassonica-mede-a-espessura-da-cornea-1-300x199.jpg\" \/>\n<meta name=\"twitter:card\" content=\"summary\" \/>\n<meta name=\"twitter:label1\" content=\"Est. tempo de leitura\">\n\t<meta name=\"twitter:data1\" content=\"2 minutos\">\n<script type=\"application\/ld+json\" class=\"yoast-schema-graph\">{\"@context\":\"https:\/\/schema.org\",\"@graph\":[{\"@type\":\"WebSite\",\"@id\":\"https:\/\/www.aptomed.com.br\/v2\/#website\",\"url\":\"https:\/\/www.aptomed.com.br\/v2\/\",\"name\":\"Aptomed - Sa\\u00fade Integrada\",\"description\":\"Cl\\u00ednica de profissionais multidisciplinares da \\u00e1rea da sa\\u00fade.\",\"potentialAction\":[{\"@type\":\"SearchAction\",\"target\":\"https:\/\/www.aptomed.com.br\/v2\/?s={search_term_string}\",\"query-input\":\"required name=search_term_string\"}],\"inLanguage\":\"pt-BR\"},{\"@type\":\"ImageObject\",\"@id\":\"https:\/\/www.aptomed.com.br\/v2\/especialidades\/oftalmologia\/exames-e-procedimentos-oftalmologicos\/paquimetria-ultrassonica-mede-espessura-da-cornea\/#primaryimage\",\"inLanguage\":\"pt-BR\",\"url\":\"http:\/\/www.aptomed.com.br\/v2\/wp-content\/uploads\/2016\/03\/paquimetria-ultrassonica-mede-a-espessura-da-cornea-1-300x199.jpg\",\"contentUrl\":\"http:\/\/www.aptomed.com.br\/v2\/wp-content\/uploads\/2016\/03\/paquimetria-ultrassonica-mede-a-espessura-da-cornea-1-300x199.jpg\"},{\"@type\":\"WebPage\",\"@id\":\"https:\/\/www.aptomed.com.br\/v2\/especialidades\/oftalmologia\/exames-e-procedimentos-oftalmologicos\/paquimetria-ultrassonica-mede-espessura-da-cornea\/#webpage\",\"url\":\"https:\/\/www.aptomed.com.br\/v2\/especialidades\/oftalmologia\/exames-e-procedimentos-oftalmologicos\/paquimetria-ultrassonica-mede-espessura-da-cornea\/\",\"name\":\"Paquimetria Ultrass\\u00f4nica - Mede a espessura da c\\u00f3rnea - Aptomed - Sa\\u00fade Integrada\",\"isPartOf\":{\"@id\":\"https:\/\/www.aptomed.com.br\/v2\/#website\"},\"primaryImageOfPage\":{\"@id\":\"https:\/\/www.aptomed.com.br\/v2\/especialidades\/oftalmologia\/exames-e-procedimentos-oftalmologicos\/paquimetria-ultrassonica-mede-espessura-da-cornea\/#primaryimage\"},\"datePublished\":\"2016-03-14T13:52:47+00:00\",\"dateModified\":\"2016-04-05T12:02:28+00:00\",\"breadcrumb\":{\"@id\":\"https:\/\/www.aptomed.com.br\/v2\/especialidades\/oftalmologia\/exames-e-procedimentos-oftalmologicos\/paquimetria-ultrassonica-mede-espessura-da-cornea\/#breadcrumb\"},\"inLanguage\":\"pt-BR\",\"potentialAction\":[{\"@type\":\"ReadAction\",\"target\":[\"https:\/\/www.aptomed.com.br\/v2\/especialidades\/oftalmologia\/exames-e-procedimentos-oftalmologicos\/paquimetria-ultrassonica-mede-espessura-da-cornea\/\"]}]},{\"@type\":\"BreadcrumbList\",\"@id\":\"https:\/\/www.aptomed.com.br\/v2\/especialidades\/oftalmologia\/exames-e-procedimentos-oftalmologicos\/paquimetria-ultrassonica-mede-espessura-da-cornea\/#breadcrumb\",\"itemListElement\":[{\"@type\":\"ListItem\",\"position\":1,\"item\":{\"@type\":\"WebPage\",\"@id\":\"https:\/\/www.aptomed.com.br\/v2\/\",\"url\":\"https:\/\/www.aptomed.com.br\/v2\/\",\"name\":\"In\\u00edcio\"}},{\"@type\":\"ListItem\",\"position\":2,\"item\":{\"@type\":\"WebPage\",\"@id\":\"https:\/\/www.aptomed.com.br\/v2\/especialidades\/\",\"url\":\"https:\/\/www.aptomed.com.br\/v2\/especialidades\/\",\"name\":\"Especialidades\"}},{\"@type\":\"ListItem\",\"position\":3,\"item\":{\"@type\":\"WebPage\",\"@id\":\"https:\/\/www.aptomed.com.br\/v2\/especialidades\/oftalmologia\/\",\"url\":\"https:\/\/www.aptomed.com.br\/v2\/especialidades\/oftalmologia\/\",\"name\":\"Oftalmologia\"}},{\"@type\":\"ListItem\",\"position\":4,\"item\":{\"@type\":\"WebPage\",\"@id\":\"https:\/\/www.aptomed.com.br\/v2\/especialidades\/oftalmologia\/exames-e-procedimentos-oftalmologicos\/\",\"url\":\"https:\/\/www.aptomed.com.br\/v2\/especialidades\/oftalmologia\/exames-e-procedimentos-oftalmologicos\/\",\"name\":\"Exames e Procedimentos Oftalmologicos\"}},{\"@type\":\"ListItem\",\"position\":5,\"item\":{\"@id\":\"https:\/\/www.aptomed.com.br\/v2\/especialidades\/oftalmologia\/exames-e-procedimentos-oftalmologicos\/paquimetria-ultrassonica-mede-espessura-da-cornea\/#webpage\"}}]}]}<\/script>\n<!-- \/ Yoast SEO plugin. -->","_links":{"self":[{"href":"https:\/\/www.aptomed.com.br\/v2\/wp-json\/wp\/v2\/pages\/473"}],"collection":[{"href":"https:\/\/www.aptomed.com.br\/v2\/wp-json\/wp\/v2\/pages"}],"about":[{"href":"https:\/\/www.aptomed.com.br\/v2\/wp-json\/wp\/v2\/types\/page"}],"author":[{"embeddable":true,"href":"https:\/\/www.aptomed.com.br\/v2\/wp-json\/wp\/v2\/users\/1"}],"replies":[{"embeddable":true,"href":"https:\/\/www.aptomed.com.br\/v2\/wp-json\/wp\/v2\/comments?post=473"}],"version-history":[{"count":4,"href":"https:\/\/www.aptomed.com.br\/v2\/wp-json\/wp\/v2\/pages\/473\/revisions"}],"predecessor-version":[{"id":986,"href":"https:\/\/www.aptomed.com.br\/v2\/wp-json\/wp\/v2\/pages\/473\/revisions\/986"}],"up":[{"embeddable":true,"href":"https:\/\/www.aptomed.com.br\/v2\/wp-json\/wp\/v2\/pages\/390"}],"wp:attachment":[{"href":"https:\/\/www.aptomed.com.br\/v2\/wp-json\/wp\/v2\/media?parent=473"}],"curies":[{"name":"wp","href":"https:\/\/api.w.org\/{rel}","templated":true}]}}