{"id":718,"date":"2016-03-18T18:47:03","date_gmt":"2016-03-18T18:47:03","guid":{"rendered":"http:\/\/www.aptomed.com.br\/v2\/?page_id=718"},"modified":"2016-04-06T13:05:14","modified_gmt":"2016-04-06T13:05:14","slug":"retinopatia-da-prematuridade","status":"publish","type":"page","link":"https:\/\/www.aptomed.com.br\/v2\/especialidades\/oftalmologia\/retinopatia-da-prematuridade\/","title":{"rendered":"Retinopatia da prematuridade"},"content":{"rendered":"<p>Avan\u00e7os da neonatologia permitem atualmente a sobrevida de crian\u00e7as com idade gestacional e peso ao nascimento extremamente baixos, levando a um aumento do n\u00famero de crian\u00e7as com altera\u00e7\u00f5es oculares, principalmente a <strong>Retinopatia da Prematuridade <\/strong>ou<strong> ROP<\/strong>, a qual pode levar \u00e0 cegueira ou baixa vis\u00e3o.<\/p>\n<p><img loading=\"lazy\" class=\"size-medium wp-image-721 aligncenter\" src=\"http:\/\/www.aptomed.com.br\/v2\/wp-content\/uploads\/2016\/03\/retinopatia-da-prematuridade-1-300x140.jpg\" alt=\"Retinopatia da prematuridade\" width=\"300\" height=\"140\" srcset=\"https:\/\/www.aptomed.com.br\/v2\/wp-content\/uploads\/2016\/03\/retinopatia-da-prematuridade-1-300x140.jpg 300w, https:\/\/www.aptomed.com.br\/v2\/wp-content\/uploads\/2016\/03\/retinopatia-da-prematuridade-1-768x357.jpg 768w, https:\/\/www.aptomed.com.br\/v2\/wp-content\/uploads\/2016\/03\/retinopatia-da-prematuridade-1-1024x477.jpg 1024w, https:\/\/www.aptomed.com.br\/v2\/wp-content\/uploads\/2016\/03\/retinopatia-da-prematuridade-1.jpg 1085w\" sizes=\"(max-width: 300px) 100vw, 300px\" \/><\/p>\n<p>Inicialmente conhecida como <strong>Fibroplasia Retrolental<\/strong>, a <strong>Retinopatia da Prematuridade (ROP)<\/strong> foi reconhecida pela primeira vez, em 1941 por Paul Chandler e Frederick Verhoeff. A <strong>retinopatia da prematuridade<\/strong> \u00e9 uma doen\u00e7a bilateral da retina perif\u00e9rica relacionada \u00e0 forma\u00e7\u00e3o an\u00f4mala dos vasos sangu\u00edneos que atinge rec\u00e9m-nascidos prematuros e sua severidade apresenta uma rela\u00e7\u00e3o inversa \u00e0 idade gestacional e ao peso da crian\u00e7a ao nascimento. Em alguns casos, o tecido de novos vasos formados em decorr\u00eancia da vasculariza\u00e7\u00e3o incompleta da retina pode n\u00e3o regredir espontaneamente evoluindo para uma prolifera\u00e7\u00e3o fibrovascular em dire\u00e7\u00e3o ao humor v\u00edtreo, formando membranas e tra\u00e7\u00f5es retinianas. O descolamento da retina pode ser decorrente dessas tra\u00e7\u00f5es.<\/p>\n<p><img loading=\"lazy\" class=\"size-full wp-image-722 aligncenter\" src=\"http:\/\/www.aptomed.com.br\/v2\/wp-content\/uploads\/2016\/03\/retinopatia-da-prematuridade-2.jpg\" alt=\"Retinopatia da prematuridade\" width=\"267\" height=\"230\" \/><\/p>\n<p>V\u00e1rios fatores podem estar associados ao desenvolvimento da<strong> ROP<\/strong>, tais como peso ao nascimento e idade gestacional baixos (a maioria dos rec\u00e9m nascidos prematuros apresenta peso inferior a 900 g e idade gestacional inferior a 29 semanas), flutua\u00e7\u00e3o nos n\u00edveis de oxig\u00eanio nas primeiras semanas de vida, ser pequeno para a idade gestacional, hemorragia intraventricular, transfus\u00f5es sangu\u00edneas e alguns fatores de risco maternos.<\/p>\n<p><img loading=\"lazy\" class=\"size-medium wp-image-723 aligncenter\" src=\"http:\/\/www.aptomed.com.br\/v2\/wp-content\/uploads\/2016\/03\/retinopatia-da-prematuridade-3-300x240.jpg\" alt=\"Retinopatia da prematuridade\" width=\"300\" height=\"240\" \/><\/p>\n<p>No Brasil, mais de 500 crian\u00e7as ficam cegas a cada ano em decorr\u00eancia da<strong> retinopatia da prematuridade<\/strong>. Diante da disponibilidade do diagn\u00f3stico precoce e um tratamento eficaz, torna-se imperativo que a popula\u00e7\u00e3o em risco seja examinada em tempo h\u00e1bil para que o tratamento reduza a cegueira por esta anomalia.<\/p>\n<p><img loading=\"lazy\" class=\"size-full wp-image-724 aligncenter\" src=\"http:\/\/www.aptomed.com.br\/v2\/wp-content\/uploads\/2016\/03\/retinopatia-da-prematuridade-4.jpg\" alt=\"Retinopatia da prematuridade\" width=\"124\" height=\"124\" \/><\/p>\n<p>Diretrizes brasileiras para a triagem neonatal foram estabelecidas em 2002, no I Workshop sobre Retinopatia da Prematuridade (I WK), organizado pela Ag\u00eancia Internacional de Preven\u00e7\u00e3o \u00e0 Cegueira, Instituto Vidi, Conselho Brasileiro de Oftalmologia e Sociedade Brasileira de Pediatria, onde determinou-se a triagem neonatal nos <strong>prematuros<\/strong> com peso de nascimento (PN) &lt; 1.500 g e\/ou idade gestacional (IG) &lt; 32 semanas, sob oftalmoscopia binocular indireta (OBI) e dilata\u00e7\u00e3o das pupilas, entre a quarta e a sexta semana de vida.<\/p>\n<p><img loading=\"lazy\" class=\"size-medium wp-image-725 aligncenter\" src=\"http:\/\/www.aptomed.com.br\/v2\/wp-content\/uploads\/2016\/03\/retinopatia-da-prematuridade-5-222x300.jpg\" alt=\"Retinopatia da prematuridade\" width=\"222\" height=\"300\" srcset=\"https:\/\/www.aptomed.com.br\/v2\/wp-content\/uploads\/2016\/03\/retinopatia-da-prematuridade-5-222x300.jpg 222w, https:\/\/www.aptomed.com.br\/v2\/wp-content\/uploads\/2016\/03\/retinopatia-da-prematuridade-5.jpg 229w\" sizes=\"(max-width: 222px) 100vw, 222px\" \/><\/p>\n<p>Est\u00e1gios da <strong>ROP<\/strong><\/p>\n<p>A Classifica\u00e7\u00e3o Internacional da<strong> ROP<\/strong> definiu a doen\u00e7a de acordo com sua gravidade (estadiamentos 1-5), localiza\u00e7\u00e3o (zonas I-III) e extens\u00e3o em horas (1-12 h), com ou sem doen\u00e7a plus (dilata\u00e7\u00e3o e tortuosidade dos vasos), cuja presen\u00e7a seria um indicador de atividade da doen\u00e7a.<\/p>\n<p><img loading=\"lazy\" class=\"size-medium wp-image-728 aligncenter\" src=\"http:\/\/www.aptomed.com.br\/v2\/wp-content\/uploads\/2016\/03\/retinopatia-da-prematuridade-6-300x149.jpg\" alt=\"Retinopatia da prematuridade\" width=\"300\" height=\"149\" srcset=\"https:\/\/www.aptomed.com.br\/v2\/wp-content\/uploads\/2016\/03\/retinopatia-da-prematuridade-6-300x149.jpg 300w, https:\/\/www.aptomed.com.br\/v2\/wp-content\/uploads\/2016\/03\/retinopatia-da-prematuridade-6.jpg 580w\" sizes=\"(max-width: 300px) 100vw, 300px\" \/><\/p>\n<p><img loading=\"lazy\" class=\"size-medium wp-image-729 aligncenter\" src=\"http:\/\/www.aptomed.com.br\/v2\/wp-content\/uploads\/2016\/03\/retinopatia-da-prematuridade-7-300x300.jpg\" alt=\"Retinopatia da prematuridade\" width=\"300\" height=\"300\" srcset=\"https:\/\/www.aptomed.com.br\/v2\/wp-content\/uploads\/2016\/03\/retinopatia-da-prematuridade-7-300x300.jpg 300w, https:\/\/www.aptomed.com.br\/v2\/wp-content\/uploads\/2016\/03\/retinopatia-da-prematuridade-7-150x150.jpg 150w, https:\/\/www.aptomed.com.br\/v2\/wp-content\/uploads\/2016\/03\/retinopatia-da-prematuridade-7.jpg 429w\" sizes=\"(max-width: 300px) 100vw, 300px\" \/><\/p>\n<p>Tratamento da<strong> retinopatia da prematuridade<\/strong><\/p>\n<p>Deve ser obtida autoriza\u00e7\u00e3o dos pais\/respons\u00e1veis para realizar o procedimento, utilizando-se um folheto informativo simples e de f\u00e1cil compreens\u00e3o.<\/p>\n<p>\u00c9 feita abla\u00e7\u00e3o da retina perif\u00e9rica avascular 360\u00ba, anterior a qualquer <strong>ROP<\/strong>, utilizando-se laser de diodo indireto e\/ou crioterapia nos seguintes casos<\/p>\n<p>a. Zona I: qualquer est\u00e1gio com doen\u00e7a plus;<\/p>\n<p>b. Zona I: est\u00e1gio 3 sem plus;<\/p>\n<p>c. Zona II: est\u00e1gio 2 ou 3 com plus.<\/p>\n<p>Essas crian\u00e7as apresentam uma maior chance de desenvolver problemas oftalmol\u00f3gicos tais como estrabismo e ambliopia. H\u00e1 uma maior predisposi\u00e7\u00e3o \u00e0s ametropias, especialmente miopia, sendo que as diferen\u00e7as no valor refracional est\u00e3o relacionadas \u00e0 severidade da <strong>Retinopatia<\/strong> e com o tipo de tratamento realizado: crioterapia ou laserterapia. O seguimento oftalmol\u00f3gico ap\u00f3s a alta da unidade de terapia intensiva neonatal est\u00e1 sempre indicado.<\/p>\n<p>Baixa vis\u00e3o em decorr\u00eancia da <strong>ROP<\/strong><\/p>\n<p>A<strong> retinopatia da prematuridade<\/strong> pode levar ao comprometimento visual de v\u00e1rias formas. A regress\u00e3o da doen\u00e7a com presen\u00e7a de tra\u00e7\u00e3o retiniana e deslocamento macular, descolamento parcial ou total da retina de ambos os olhos constituem uma causa ocular para a baixa vis\u00e3o nas crian\u00e7as prematuras.<\/p>\n<p>As respostas visuais dos beb\u00eas devem ser monitoradas pelo menos a cada tr\u00eas meses durante o primeiro ano de vida. Muito do que seria considerado baixa vis\u00e3o, na realidade trata-se de um atraso do desenvolvimento que pode ou n\u00e3o vir associado a outras defici\u00eancias, em especial em crian\u00e7as prematuras.<\/p>\n<p><img loading=\"lazy\" class=\"size-full wp-image-730 aligncenter\" src=\"http:\/\/www.aptomed.com.br\/v2\/wp-content\/uploads\/2016\/03\/retinopatia-da-prematuridade-8.jpg\" alt=\"Retinopatia da prematuridade\" width=\"200\" height=\"176\" \/><\/p>\n<p>A avalia\u00e7\u00e3o da acuidade \u00e9 importante e pode ser feito atrav\u00e9s do teste de olhar preferencial com os Cart\u00f5es de acuidade de Teller (<a href=\"http:\/\/www.aptomed.com.br\/v2\/canal\/acuidade-visual-de-teller\/\">saiba mais<\/a>). Quando o descolamento de retina est\u00e1 presente, devemos pesquisar em qual campo visual a crian\u00e7a percebe os est\u00edmulos visuais. Mesmo com respostas desencorajadoras, a prescri\u00e7\u00e3o da corre\u00e7\u00e3o \u00f3ptica deve ser considerada.<\/p>\n<p>A vis\u00e3o \u00e9 a principal forma de comunica\u00e7\u00e3o e aprendizado no primeiro ano de vida interferindo consideravelmente no desenvolvimento global do lactente e a presen\u00e7a de uma altera\u00e7\u00e3o ocular nesse per\u00edodo constitui uma barreira para a este desenvolvimento. A estimula\u00e7\u00e3o visual e o trabalho conjunto entre terapeutas e oftalmologistas s\u00e3o fundamentais para que o lactente tenha a oportunidade de desenvolver ao m\u00e1ximo seu res\u00edduo visual ao longo dos primeiros anos de vida. Na realidade, nesses casos realiza-se uma habilita\u00e7\u00e3o visual e quanto mais precoce, melhores os resultados obtidos.<\/p>\n<p><img loading=\"lazy\" class=\"size-full wp-image-731 aligncenter\" src=\"http:\/\/www.aptomed.com.br\/v2\/wp-content\/uploads\/2016\/03\/retinopatia-da-prematuridade-9.jpg\" alt=\"Retinopatia da prematuridade\" width=\"235\" height=\"290\" \/><\/p>\n<p>As modifica\u00e7\u00f5es do meio ambiente, magnifica\u00e7\u00e3o e orienta\u00e7\u00e3o aos familiares s\u00e3o de extrema import\u00e2ncia para que essas crian\u00e7as utilizem esse canal de comunica\u00e7\u00e3o com o mundo.<\/p>\n","protected":false},"excerpt":{"rendered":"<p>Avan\u00e7os da neonatologia permitem atualmente a sobrevida de crian\u00e7as com idade gestacional e peso ao nascimento extremamente baixos, levando a um aumento do n\u00famero de crian\u00e7as com altera\u00e7\u00f5es oculares, principalmente a Retinopatia da Prematuridade ou ROP, a qual pode levar \u00e0 cegueira ou baixa vis\u00e3o. Inicialmente conhecida como Fibroplasia Retrolental, a Retinopatia da Prematuridade (ROP)&#8230; <a href=\"https:\/\/www.aptomed.com.br\/v2\/especialidades\/oftalmologia\/retinopatia-da-prematuridade\/\" class=\"readmore\">Read More &#038;raquo<\/a><\/p>\n","protected":false},"author":1,"featured_media":0,"parent":21,"menu_order":0,"comment_status":"closed","ping_status":"closed","template":"","meta":[],"yoast_head":"<!-- This site is optimized with the Yoast SEO plugin v16.2 - https:\/\/yoast.com\/wordpress\/plugins\/seo\/ -->\n<title>Retinopatia da prematuridade - Aptomed - Sa\u00fade Integrada<\/title>\n<meta name=\"robots\" content=\"index, follow, max-snippet:-1, max-image-preview:large, max-video-preview:-1\" \/>\n<link rel=\"canonical\" href=\"https:\/\/www.aptomed.com.br\/v2\/especialidades\/oftalmologia\/retinopatia-da-prematuridade\/\" \/>\n<meta property=\"og:locale\" content=\"pt_BR\" \/>\n<meta property=\"og:type\" content=\"article\" \/>\n<meta property=\"og:title\" content=\"Retinopatia da prematuridade - Aptomed - Sa\u00fade Integrada\" \/>\n<meta property=\"og:description\" content=\"Avan\u00e7os da neonatologia permitem atualmente a sobrevida de crian\u00e7as com idade gestacional e peso ao nascimento extremamente baixos, levando a um aumento do n\u00famero de crian\u00e7as com altera\u00e7\u00f5es oculares, principalmente a Retinopatia da Prematuridade ou ROP, a qual pode levar \u00e0 cegueira ou baixa vis\u00e3o. Inicialmente conhecida como Fibroplasia Retrolental, a Retinopatia da Prematuridade (ROP)... Read More &amp;raquo\" \/>\n<meta property=\"og:url\" content=\"https:\/\/www.aptomed.com.br\/v2\/especialidades\/oftalmologia\/retinopatia-da-prematuridade\/\" \/>\n<meta property=\"og:site_name\" content=\"Aptomed - Sa\u00fade Integrada\" \/>\n<meta property=\"article:modified_time\" content=\"2016-04-06T13:05:14+00:00\" \/>\n<meta property=\"og:image\" content=\"http:\/\/www.aptomed.com.br\/v2\/wp-content\/uploads\/2016\/03\/retinopatia-da-prematuridade-1-300x140.jpg\" \/>\n<meta name=\"twitter:card\" content=\"summary\" \/>\n<meta name=\"twitter:label1\" content=\"Est. tempo de leitura\">\n\t<meta name=\"twitter:data1\" content=\"4 minutos\">\n<script type=\"application\/ld+json\" class=\"yoast-schema-graph\">{\"@context\":\"https:\/\/schema.org\",\"@graph\":[{\"@type\":\"WebSite\",\"@id\":\"https:\/\/www.aptomed.com.br\/v2\/#website\",\"url\":\"https:\/\/www.aptomed.com.br\/v2\/\",\"name\":\"Aptomed - Sa\\u00fade Integrada\",\"description\":\"Cl\\u00ednica de profissionais multidisciplinares da \\u00e1rea da sa\\u00fade.\",\"potentialAction\":[{\"@type\":\"SearchAction\",\"target\":\"https:\/\/www.aptomed.com.br\/v2\/?s={search_term_string}\",\"query-input\":\"required name=search_term_string\"}],\"inLanguage\":\"pt-BR\"},{\"@type\":\"ImageObject\",\"@id\":\"https:\/\/www.aptomed.com.br\/v2\/especialidades\/oftalmologia\/retinopatia-da-prematuridade\/#primaryimage\",\"inLanguage\":\"pt-BR\",\"url\":\"http:\/\/www.aptomed.com.br\/v2\/wp-content\/uploads\/2016\/03\/retinopatia-da-prematuridade-1-300x140.jpg\",\"contentUrl\":\"http:\/\/www.aptomed.com.br\/v2\/wp-content\/uploads\/2016\/03\/retinopatia-da-prematuridade-1-300x140.jpg\"},{\"@type\":\"WebPage\",\"@id\":\"https:\/\/www.aptomed.com.br\/v2\/especialidades\/oftalmologia\/retinopatia-da-prematuridade\/#webpage\",\"url\":\"https:\/\/www.aptomed.com.br\/v2\/especialidades\/oftalmologia\/retinopatia-da-prematuridade\/\",\"name\":\"Retinopatia da prematuridade - Aptomed - Sa\\u00fade Integrada\",\"isPartOf\":{\"@id\":\"https:\/\/www.aptomed.com.br\/v2\/#website\"},\"primaryImageOfPage\":{\"@id\":\"https:\/\/www.aptomed.com.br\/v2\/especialidades\/oftalmologia\/retinopatia-da-prematuridade\/#primaryimage\"},\"datePublished\":\"2016-03-18T18:47:03+00:00\",\"dateModified\":\"2016-04-06T13:05:14+00:00\",\"breadcrumb\":{\"@id\":\"https:\/\/www.aptomed.com.br\/v2\/especialidades\/oftalmologia\/retinopatia-da-prematuridade\/#breadcrumb\"},\"inLanguage\":\"pt-BR\",\"potentialAction\":[{\"@type\":\"ReadAction\",\"target\":[\"https:\/\/www.aptomed.com.br\/v2\/especialidades\/oftalmologia\/retinopatia-da-prematuridade\/\"]}]},{\"@type\":\"BreadcrumbList\",\"@id\":\"https:\/\/www.aptomed.com.br\/v2\/especialidades\/oftalmologia\/retinopatia-da-prematuridade\/#breadcrumb\",\"itemListElement\":[{\"@type\":\"ListItem\",\"position\":1,\"item\":{\"@type\":\"WebPage\",\"@id\":\"https:\/\/www.aptomed.com.br\/v2\/\",\"url\":\"https:\/\/www.aptomed.com.br\/v2\/\",\"name\":\"In\\u00edcio\"}},{\"@type\":\"ListItem\",\"position\":2,\"item\":{\"@type\":\"WebPage\",\"@id\":\"https:\/\/www.aptomed.com.br\/v2\/especialidades\/\",\"url\":\"https:\/\/www.aptomed.com.br\/v2\/especialidades\/\",\"name\":\"Especialidades\"}},{\"@type\":\"ListItem\",\"position\":3,\"item\":{\"@type\":\"WebPage\",\"@id\":\"https:\/\/www.aptomed.com.br\/v2\/especialidades\/oftalmologia\/\",\"url\":\"https:\/\/www.aptomed.com.br\/v2\/especialidades\/oftalmologia\/\",\"name\":\"Oftalmologia\"}},{\"@type\":\"ListItem\",\"position\":4,\"item\":{\"@id\":\"https:\/\/www.aptomed.com.br\/v2\/especialidades\/oftalmologia\/retinopatia-da-prematuridade\/#webpage\"}}]}]}<\/script>\n<!-- \/ Yoast SEO plugin. -->","_links":{"self":[{"href":"https:\/\/www.aptomed.com.br\/v2\/wp-json\/wp\/v2\/pages\/718"}],"collection":[{"href":"https:\/\/www.aptomed.com.br\/v2\/wp-json\/wp\/v2\/pages"}],"about":[{"href":"https:\/\/www.aptomed.com.br\/v2\/wp-json\/wp\/v2\/types\/page"}],"author":[{"embeddable":true,"href":"https:\/\/www.aptomed.com.br\/v2\/wp-json\/wp\/v2\/users\/1"}],"replies":[{"embeddable":true,"href":"https:\/\/www.aptomed.com.br\/v2\/wp-json\/wp\/v2\/comments?post=718"}],"version-history":[{"count":4,"href":"https:\/\/www.aptomed.com.br\/v2\/wp-json\/wp\/v2\/pages\/718\/revisions"}],"predecessor-version":[{"id":1015,"href":"https:\/\/www.aptomed.com.br\/v2\/wp-json\/wp\/v2\/pages\/718\/revisions\/1015"}],"up":[{"embeddable":true,"href":"https:\/\/www.aptomed.com.br\/v2\/wp-json\/wp\/v2\/pages\/21"}],"wp:attachment":[{"href":"https:\/\/www.aptomed.com.br\/v2\/wp-json\/wp\/v2\/media?parent=718"}],"curies":[{"name":"wp","href":"https:\/\/api.w.org\/{rel}","templated":true}]}}