{"id":771,"date":"2016-03-21T14:20:29","date_gmt":"2016-03-21T14:20:29","guid":{"rendered":"http:\/\/www.aptomed.com.br\/v2\/?page_id=771"},"modified":"2016-03-21T14:26:08","modified_gmt":"2016-03-21T14:26:08","slug":"recursos-opticos","status":"publish","type":"page","link":"https:\/\/www.aptomed.com.br\/v2\/especialidades\/visao-subnormal-baixa-visao-old\/recursos-opticos\/","title":{"rendered":"Recursos \u00d3pticos"},"content":{"rendered":"<p>S\u00e3o recursos para baixa vis\u00e3o que utilizam lentes ou combina\u00e7\u00e3o de lentes para uma magnificar (ampliar) as imagens que sobre a retina.<\/p>\n<p><img loading=\"lazy\" class=\"size-medium wp-image-772 aligncenter\" src=\"http:\/\/www.aptomed.com.br\/v2\/wp-content\/uploads\/2016\/03\/recursos-opticos-1-300x203.jpg\" alt=\"Recursos \u00d3pticos\" width=\"300\" height=\"203\" srcset=\"https:\/\/www.aptomed.com.br\/v2\/wp-content\/uploads\/2016\/03\/recursos-opticos-1-300x203.jpg 300w, https:\/\/www.aptomed.com.br\/v2\/wp-content\/uploads\/2016\/03\/recursos-opticos-1.jpg 592w\" sizes=\"(max-width: 300px) 100vw, 300px\" \/><\/p>\n<p>Como os portadores de vis\u00e3o subnormal enxergam usualmente letras e objetos grandes, e n\u00e3o pequenos, estes recursos \u201cfazem de conta\u201d que as letras ficam maiores, facilitando assim a sua visualiza\u00e7\u00e3o. N\u00e3o devem ser confundidos com \u00f3culos comuns.<\/p>\n<p>H\u00e1, basicamente, cinco tipos de recursos \u00f3pticos:<\/p>\n<p><strong>\u00d3culos com lentes de alto grau<\/strong><\/p>\n<p><strong>Lupas de m\u00e3o<\/strong><\/p>\n<p><strong>Lupas com apoio<\/strong><\/p>\n<p><strong>Telesc\u00f3pios<\/strong><\/p>\n<p><strong>CCTV (closed circuit TV)<\/strong><\/p>\n<p>Nenhum recurso \u00f3ptico pode ser usado para andar, se locomover de um lugar para o outro.<\/p>\n<p>Eles s\u00e3o pr\u00f3prios para atividades espec\u00edficas, como., como ler, escrever, fazer trabalhos manuais, etc&#8230;<\/p>\n<p>H\u00e1 um grau correto que ser\u00e1 determinado pelo <strong>Oftalmologista junto com o Ortoptista<\/strong>, de acordo com a acuidade visual e a doen\u00e7a de base que o paciente apresenta.<\/p>\n<p>\u00c9 muito importante que se realize um treinamento antes da prescri\u00e7\u00e3o destes aux\u00edlios, pois \u00e9 necess\u00e1rio aprender o seu manuseio correto, dist\u00e2ncia adequada e o mais importante: o paciente deve aprender a usar a sua vis\u00e3o residual, caso contr\u00e1rio a adapta\u00e7\u00e3o destes recursos n\u00e3o ter\u00e1 sucesso.<\/p>\n<p><strong>\u00d3culos de alto grau<\/strong>: s\u00e3o lentes com graus bem mais fortes que as lentes regulares. Devido ao grau elevado, a pessoa necessita trazer o texto bem pr\u00f3ximo para mant\u00ea-lo em foco. Essa posi\u00e7\u00e3o \u00e9, no in\u00edcio, desconfort\u00e1vel, melhorando \u00e0 medida que a pessoa se adapta a essa nova situa\u00e7\u00e3o. N\u00e3o adianta pedir para o m\u00e9dico prescrever \u201clentes mais fortes\u201d, pois: quanto mais forte for a lente, mais perto dos olhos os objetos devem ficar e o campo de vis\u00e3o acaba sendo reduzido, o que provoca mais lentid\u00e3o na leitura e mais cansa\u00e7o tamb\u00e9m.<\/p>\n<p><img loading=\"lazy\" class=\"size-medium wp-image-773 aligncenter\" src=\"http:\/\/www.aptomed.com.br\/v2\/wp-content\/uploads\/2016\/03\/recursos-opticos-2-300x225.jpg\" alt=\"Recursos \u00d3pticos\" width=\"300\" height=\"225\" srcset=\"https:\/\/www.aptomed.com.br\/v2\/wp-content\/uploads\/2016\/03\/recursos-opticos-2-300x225.jpg 300w, https:\/\/www.aptomed.com.br\/v2\/wp-content\/uploads\/2016\/03\/recursos-opticos-2.jpg 478w\" sizes=\"(max-width: 300px) 100vw, 300px\" \/><\/p>\n<p><strong>Lupas de m\u00e3o<\/strong>: geralmente \u00e9 o primeiro aux\u00edlio \u00f3ptico que as pessoas adquirem independentemente da prescri\u00e7\u00e3o m\u00e9dica, pois \u00e9 de f\u00e1cil aquisi\u00e7\u00e3o nas \u00f3ticas e supermercados. Adequadamente selecionadas, podem ser bastante \u00fateis.<\/p>\n<p><img loading=\"lazy\" class=\"size-medium wp-image-774 aligncenter\" src=\"http:\/\/www.aptomed.com.br\/v2\/wp-content\/uploads\/2016\/03\/recursos-opticos-3-300x225.jpg\" alt=\"Recursos \u00d3pticos\" width=\"300\" height=\"225\" srcset=\"https:\/\/www.aptomed.com.br\/v2\/wp-content\/uploads\/2016\/03\/recursos-opticos-3-300x225.jpg 300w, https:\/\/www.aptomed.com.br\/v2\/wp-content\/uploads\/2016\/03\/recursos-opticos-3.jpg 347w\" sizes=\"(max-width: 300px) 100vw, 300px\" \/><\/p>\n<p><strong>Lupas com apoio<\/strong>: s\u00e3o lupas que t\u00eam uma base que se ap\u00f3ia no texto, mantendo o foco permanentemente. Alguns modelos podem acoplar ilumina\u00e7\u00e3o. Necessitam sempre de uma base de apoio para leitura, por\u00e9m, existem lupas deste tipo que aumentam a imagem at\u00e9 12 vezes.<\/p>\n<p><img loading=\"lazy\" class=\"size-medium wp-image-776 aligncenter\" src=\"http:\/\/www.aptomed.com.br\/v2\/wp-content\/uploads\/2016\/03\/recursos-opticos-4-300x261.jpg\" alt=\"Recursos \u00d3pticos\" width=\"300\" height=\"261\" srcset=\"https:\/\/www.aptomed.com.br\/v2\/wp-content\/uploads\/2016\/03\/recursos-opticos-4-300x261.jpg 300w, https:\/\/www.aptomed.com.br\/v2\/wp-content\/uploads\/2016\/03\/recursos-opticos-4-768x669.jpg 768w, https:\/\/www.aptomed.com.br\/v2\/wp-content\/uploads\/2016\/03\/recursos-opticos-4-1024x892.jpg 1024w, https:\/\/www.aptomed.com.br\/v2\/wp-content\/uploads\/2016\/03\/recursos-opticos-4.jpg 1682w\" sizes=\"(max-width: 300px) 100vw, 300px\" \/><\/p>\n<p><strong>Telesc\u00f3pios<\/strong>: geralmente s\u00e3o utilizados para vis\u00e3o \u00e0 dist\u00e2ncia, como leitura de placas, sem\u00e1foros, letreiro de \u00f4nibus e principalmente c\u00f3pia em lousa para crian\u00e7as.<\/p>\n<p><img loading=\"lazy\" class=\"size-medium wp-image-777 aligncenter\" src=\"http:\/\/www.aptomed.com.br\/v2\/wp-content\/uploads\/2016\/03\/recursos-opticos-5-300x221.jpg\" alt=\"Recursos \u00d3pticos\" width=\"300\" height=\"221\" srcset=\"https:\/\/www.aptomed.com.br\/v2\/wp-content\/uploads\/2016\/03\/recursos-opticos-5-300x221.jpg 300w, https:\/\/www.aptomed.com.br\/v2\/wp-content\/uploads\/2016\/03\/recursos-opticos-5-768x566.jpg 768w, https:\/\/www.aptomed.com.br\/v2\/wp-content\/uploads\/2016\/03\/recursos-opticos-5-1024x755.jpg 1024w, https:\/\/www.aptomed.com.br\/v2\/wp-content\/uploads\/2016\/03\/recursos-opticos-5.jpg 1825w\" sizes=\"(max-width: 300px) 100vw, 300px\" \/><\/p>\n<p><strong>CCTV<\/strong>: \u00c9 um sistema de c\u00e2mera de televis\u00e3o acoplada a um monitor que tem por finalidade ampliar o texto focalizado pela c\u00e2mera.<\/p>\n<p><img loading=\"lazy\" class=\"size-full wp-image-778 aligncenter\" src=\"http:\/\/www.aptomed.com.br\/v2\/wp-content\/uploads\/2016\/03\/recursos-opticos-6.jpg\" alt=\"Recursos \u00d3pticos\" width=\"112\" height=\"106\" \/><\/p>\n<p><strong>Aux\u00edlios n\u00e3o \u00f3pticos<\/strong><\/p>\n<p>S\u00e3o recursos que n\u00e3o utilizam lentes, incluindo todos os materiais que podem auxiliar as pessoas com vis\u00e3o subnormal a utilizarem da melhor forma a sua vis\u00e3o. Por exemplo, livros falados ou com letras grandes, revistas e jornais impressos com tipos maiores, baralhos com figuras e n\u00fameros grandes e cores fortes.<\/p>\n<p>As pessoas com baixa vis\u00e3o conseguem ver melhor a televis\u00e3o assistindo bem pr\u00f3ximo \u00e0 tela. \u00c9 cren\u00e7a popular que tal procedimento \u00e9 prejudicial \u00e0 sa\u00fade das pessoas, o que n\u00e3o \u00e9 verdade. \u00d3culos com lentes filtrantes s\u00e3o muito \u00fateis no controle da ilumina\u00e7\u00e3o para quem tem fotofobia (avers\u00e3o \u00e1 luz) e podem melhorar a sensibilidade ao contraste dos materiais.<\/p>\n<p>A ilumina\u00e7\u00e3o correta \u00e9 um fator importante dentro da vis\u00e3o subnormal. Somente para ilustra\u00e7\u00e3o, uma pessoa de 60 anos, sem doen\u00e7as oculares, necessita de duas vezes mais ilumina\u00e7\u00e3o que uma pessoa de 20 anos para ter o mesmo conforto visual. Ela deve estar sempre dirigida para o texto, evitando estar direcionada para os olhos da pessoa.<\/p>\n","protected":false},"excerpt":{"rendered":"<p>S\u00e3o recursos para baixa vis\u00e3o que utilizam lentes ou combina\u00e7\u00e3o de lentes para uma magnificar (ampliar) as imagens que sobre a retina. Como os portadores de vis\u00e3o subnormal enxergam usualmente letras e objetos grandes, e n\u00e3o pequenos, estes recursos \u201cfazem de conta\u201d que as letras ficam maiores, facilitando assim a sua visualiza\u00e7\u00e3o. N\u00e3o devem ser&#8230; <a href=\"https:\/\/www.aptomed.com.br\/v2\/especialidades\/visao-subnormal-baixa-visao-old\/recursos-opticos\/\" class=\"readmore\">Read More &#038;raquo<\/a><\/p>\n","protected":false},"author":1,"featured_media":0,"parent":763,"menu_order":0,"comment_status":"closed","ping_status":"closed","template":"","meta":[],"yoast_head":"<!-- This site is optimized with the Yoast SEO plugin v16.2 - https:\/\/yoast.com\/wordpress\/plugins\/seo\/ -->\n<title>Recursos \u00d3pticos - Aptomed - Sa\u00fade Integrada<\/title>\n<meta name=\"robots\" content=\"index, follow, max-snippet:-1, max-image-preview:large, max-video-preview:-1\" \/>\n<link rel=\"canonical\" href=\"https:\/\/www.aptomed.com.br\/v2\/especialidades\/visao-subnormal-baixa-visao-old\/recursos-opticos\/\" \/>\n<meta property=\"og:locale\" content=\"pt_BR\" \/>\n<meta property=\"og:type\" content=\"article\" \/>\n<meta property=\"og:title\" content=\"Recursos \u00d3pticos - Aptomed - Sa\u00fade Integrada\" \/>\n<meta property=\"og:description\" content=\"S\u00e3o recursos para baixa vis\u00e3o que utilizam lentes ou combina\u00e7\u00e3o de lentes para uma magnificar (ampliar) as imagens que sobre a retina. Como os portadores de vis\u00e3o subnormal enxergam usualmente letras e objetos grandes, e n\u00e3o pequenos, estes recursos \u201cfazem de conta\u201d que as letras ficam maiores, facilitando assim a sua visualiza\u00e7\u00e3o. N\u00e3o devem ser... Read More &amp;raquo\" \/>\n<meta property=\"og:url\" content=\"https:\/\/www.aptomed.com.br\/v2\/especialidades\/visao-subnormal-baixa-visao-old\/recursos-opticos\/\" \/>\n<meta property=\"og:site_name\" content=\"Aptomed - Sa\u00fade Integrada\" \/>\n<meta property=\"article:modified_time\" content=\"2016-03-21T14:26:08+00:00\" \/>\n<meta property=\"og:image\" content=\"http:\/\/www.aptomed.com.br\/v2\/wp-content\/uploads\/2016\/03\/recursos-opticos-1-300x203.jpg\" \/>\n<meta name=\"twitter:card\" content=\"summary\" \/>\n<meta name=\"twitter:label1\" content=\"Est. tempo de leitura\">\n\t<meta name=\"twitter:data1\" content=\"3 minutos\">\n<script type=\"application\/ld+json\" class=\"yoast-schema-graph\">{\"@context\":\"https:\/\/schema.org\",\"@graph\":[{\"@type\":\"WebSite\",\"@id\":\"https:\/\/www.aptomed.com.br\/v2\/#website\",\"url\":\"https:\/\/www.aptomed.com.br\/v2\/\",\"name\":\"Aptomed - Sa\\u00fade Integrada\",\"description\":\"Cl\\u00ednica de profissionais multidisciplinares da \\u00e1rea da sa\\u00fade.\",\"potentialAction\":[{\"@type\":\"SearchAction\",\"target\":\"https:\/\/www.aptomed.com.br\/v2\/?s={search_term_string}\",\"query-input\":\"required name=search_term_string\"}],\"inLanguage\":\"pt-BR\"},{\"@type\":\"ImageObject\",\"@id\":\"https:\/\/www.aptomed.com.br\/v2\/especialidades\/visao-subnormal-baixa-visao-old\/recursos-opticos\/#primaryimage\",\"inLanguage\":\"pt-BR\",\"url\":\"http:\/\/www.aptomed.com.br\/v2\/wp-content\/uploads\/2016\/03\/recursos-opticos-1-300x203.jpg\",\"contentUrl\":\"http:\/\/www.aptomed.com.br\/v2\/wp-content\/uploads\/2016\/03\/recursos-opticos-1-300x203.jpg\"},{\"@type\":\"WebPage\",\"@id\":\"https:\/\/www.aptomed.com.br\/v2\/especialidades\/visao-subnormal-baixa-visao-old\/recursos-opticos\/#webpage\",\"url\":\"https:\/\/www.aptomed.com.br\/v2\/especialidades\/visao-subnormal-baixa-visao-old\/recursos-opticos\/\",\"name\":\"Recursos \\u00d3pticos - Aptomed - Sa\\u00fade Integrada\",\"isPartOf\":{\"@id\":\"https:\/\/www.aptomed.com.br\/v2\/#website\"},\"primaryImageOfPage\":{\"@id\":\"https:\/\/www.aptomed.com.br\/v2\/especialidades\/visao-subnormal-baixa-visao-old\/recursos-opticos\/#primaryimage\"},\"datePublished\":\"2016-03-21T14:20:29+00:00\",\"dateModified\":\"2016-03-21T14:26:08+00:00\",\"breadcrumb\":{\"@id\":\"https:\/\/www.aptomed.com.br\/v2\/especialidades\/visao-subnormal-baixa-visao-old\/recursos-opticos\/#breadcrumb\"},\"inLanguage\":\"pt-BR\",\"potentialAction\":[{\"@type\":\"ReadAction\",\"target\":[\"https:\/\/www.aptomed.com.br\/v2\/especialidades\/visao-subnormal-baixa-visao-old\/recursos-opticos\/\"]}]},{\"@type\":\"BreadcrumbList\",\"@id\":\"https:\/\/www.aptomed.com.br\/v2\/especialidades\/visao-subnormal-baixa-visao-old\/recursos-opticos\/#breadcrumb\",\"itemListElement\":[{\"@type\":\"ListItem\",\"position\":1,\"item\":{\"@type\":\"WebPage\",\"@id\":\"https:\/\/www.aptomed.com.br\/v2\/\",\"url\":\"https:\/\/www.aptomed.com.br\/v2\/\",\"name\":\"In\\u00edcio\"}},{\"@type\":\"ListItem\",\"position\":2,\"item\":{\"@type\":\"WebPage\",\"@id\":\"https:\/\/www.aptomed.com.br\/v2\/especialidades\/\",\"url\":\"https:\/\/www.aptomed.com.br\/v2\/especialidades\/\",\"name\":\"Especialidades\"}},{\"@type\":\"ListItem\",\"position\":3,\"item\":{\"@type\":\"WebPage\",\"@id\":\"https:\/\/www.aptomed.com.br\/v2\/especialidades\/visao-subnormal-baixa-visao-old\/\",\"url\":\"https:\/\/www.aptomed.com.br\/v2\/especialidades\/visao-subnormal-baixa-visao-old\/\",\"name\":\"Vis\\u00e3o subnormal &#8211; Baixa vis\\u00e3o OLD\"}},{\"@type\":\"ListItem\",\"position\":4,\"item\":{\"@id\":\"https:\/\/www.aptomed.com.br\/v2\/especialidades\/visao-subnormal-baixa-visao-old\/recursos-opticos\/#webpage\"}}]}]}<\/script>\n<!-- \/ Yoast SEO plugin. -->","_links":{"self":[{"href":"https:\/\/www.aptomed.com.br\/v2\/wp-json\/wp\/v2\/pages\/771"}],"collection":[{"href":"https:\/\/www.aptomed.com.br\/v2\/wp-json\/wp\/v2\/pages"}],"about":[{"href":"https:\/\/www.aptomed.com.br\/v2\/wp-json\/wp\/v2\/types\/page"}],"author":[{"embeddable":true,"href":"https:\/\/www.aptomed.com.br\/v2\/wp-json\/wp\/v2\/users\/1"}],"replies":[{"embeddable":true,"href":"https:\/\/www.aptomed.com.br\/v2\/wp-json\/wp\/v2\/comments?post=771"}],"version-history":[{"count":3,"href":"https:\/\/www.aptomed.com.br\/v2\/wp-json\/wp\/v2\/pages\/771\/revisions"}],"predecessor-version":[{"id":781,"href":"https:\/\/www.aptomed.com.br\/v2\/wp-json\/wp\/v2\/pages\/771\/revisions\/781"}],"up":[{"embeddable":true,"href":"https:\/\/www.aptomed.com.br\/v2\/wp-json\/wp\/v2\/pages\/763"}],"wp:attachment":[{"href":"https:\/\/www.aptomed.com.br\/v2\/wp-json\/wp\/v2\/media?parent=771"}],"curies":[{"name":"wp","href":"https:\/\/api.w.org\/{rel}","templated":true}]}}