{"id":905,"date":"2016-03-23T12:09:27","date_gmt":"2016-03-23T12:09:27","guid":{"rendered":"http:\/\/www.aptomed.com.br\/v2\/?page_id=905"},"modified":"2016-04-06T13:39:43","modified_gmt":"2016-04-06T13:39:43","slug":"precos-e-formas-de-pagamento","status":"publish","type":"page","link":"https:\/\/www.aptomed.com.br\/v2\/especialidades\/precos-e-formas-de-pagamento\/","title":{"rendered":"Pre\u00e7os e formas de pagamento"},"content":{"rendered":"<p>Em cumprimento ao C\u00f3digo de \u00c9tica M\u00e9dica \u00e9 inadequada a divulga\u00e7\u00e3o de pre\u00e7os de cirurgias, m\u00e9dia de valores ou planos de financiamento.<\/p>\n<p>O primeiro passo para saber valores \u00e9 agendar uma consulta.<\/p>\n<p>O m\u00e9dico ir\u00e1 analisar o caso e indicar o procedimento adequado para a insatisfa\u00e7\u00e3o mencionada. Havendo indica\u00e7\u00e3o para cirurgia \u00e9 que os custos e formas de pagamento ser\u00e3o discutidos.<\/p>\n<p>Parcelamentos<br \/>\nVoc\u00ea sabia que sua cirurgia pode ser parcelada? Sim, segundo o Conselho Federal de Medicina, o m\u00e9dico pode estabelecer como seus servi\u00e7os ser\u00e3o pagos, do jeito que quiser.<\/p>\n<p><strong>\u201cCabe ao m\u00e9dico, ap\u00f3s os procedimentos de diagn\u00f3sticos e indica\u00e7\u00e3o terap\u00eautica, estabelecer o valor e o modo de cobran\u00e7a de seus honor\u00e1rios, observando o contido no C\u00f3digo de \u00c9tica M\u00e9dica, referente \u00e0 remunera\u00e7\u00e3o profissional.\u201d<\/strong><\/p>\n<p>Fonte: artigo 3\u00ba da Resolu\u00e7\u00e3o do CFM n\u00ba. 1.836\/2008.<\/p>\n<p>Para informa\u00e7\u00f5es e agendamento de consultas, ligue (11) 2099-1110<\/p>\n<p>Equipe Aptomed Sa\u00fade Integrada<\/p>\n<p><img loading=\"lazy\" class=\"size-full wp-image-1025 alignnone\" src=\"http:\/\/www.aptomed.com.br\/v2\/wp-content\/uploads\/2016\/03\/pagamento_online.jpg\" alt=\"Pagamento Online\" width=\"199\" height=\"32\" \/><\/p>\n","protected":false},"excerpt":{"rendered":"<p>Em cumprimento ao C\u00f3digo de \u00c9tica M\u00e9dica \u00e9 inadequada a divulga\u00e7\u00e3o de pre\u00e7os de cirurgias, m\u00e9dia de valores ou planos de financiamento. O primeiro passo para saber valores \u00e9 agendar uma consulta. O m\u00e9dico ir\u00e1 analisar o caso e indicar o procedimento adequado para a insatisfa\u00e7\u00e3o mencionada. Havendo indica\u00e7\u00e3o para cirurgia \u00e9 que os custos&#8230; <a href=\"https:\/\/www.aptomed.com.br\/v2\/especialidades\/precos-e-formas-de-pagamento\/\" class=\"readmore\">Read More &#038;raquo<\/a><\/p>\n","protected":false},"author":1,"featured_media":0,"parent":12,"menu_order":0,"comment_status":"closed","ping_status":"closed","template":"","meta":[],"yoast_head":"<!-- This site is optimized with the Yoast SEO plugin v16.2 - https:\/\/yoast.com\/wordpress\/plugins\/seo\/ -->\n<title>Pre\u00e7os e formas de pagamento - Aptomed - Sa\u00fade Integrada<\/title>\n<meta name=\"robots\" content=\"index, follow, max-snippet:-1, max-image-preview:large, max-video-preview:-1\" \/>\n<link rel=\"canonical\" href=\"https:\/\/www.aptomed.com.br\/v2\/especialidades\/precos-e-formas-de-pagamento\/\" \/>\n<meta property=\"og:locale\" content=\"pt_BR\" \/>\n<meta property=\"og:type\" content=\"article\" \/>\n<meta property=\"og:title\" content=\"Pre\u00e7os e formas de pagamento - Aptomed - Sa\u00fade Integrada\" \/>\n<meta property=\"og:description\" content=\"Em cumprimento ao C\u00f3digo de \u00c9tica M\u00e9dica \u00e9 inadequada a divulga\u00e7\u00e3o de pre\u00e7os de cirurgias, m\u00e9dia de valores ou planos de financiamento. O primeiro passo para saber valores \u00e9 agendar uma consulta. O m\u00e9dico ir\u00e1 analisar o caso e indicar o procedimento adequado para a insatisfa\u00e7\u00e3o mencionada. Havendo indica\u00e7\u00e3o para cirurgia \u00e9 que os custos... Read More &amp;raquo\" \/>\n<meta property=\"og:url\" content=\"https:\/\/www.aptomed.com.br\/v2\/especialidades\/precos-e-formas-de-pagamento\/\" \/>\n<meta property=\"og:site_name\" content=\"Aptomed - Sa\u00fade Integrada\" \/>\n<meta property=\"article:modified_time\" content=\"2016-04-06T13:39:43+00:00\" \/>\n<meta property=\"og:image\" content=\"http:\/\/www.aptomed.com.br\/v2\/wp-content\/uploads\/2016\/03\/pagamento_online.jpg\" \/>\n<meta name=\"twitter:card\" content=\"summary\" \/>\n<meta name=\"twitter:label1\" content=\"Est. tempo de leitura\">\n\t<meta name=\"twitter:data1\" content=\"1 minuto\">\n<script type=\"application\/ld+json\" class=\"yoast-schema-graph\">{\"@context\":\"https:\/\/schema.org\",\"@graph\":[{\"@type\":\"WebSite\",\"@id\":\"https:\/\/www.aptomed.com.br\/v2\/#website\",\"url\":\"https:\/\/www.aptomed.com.br\/v2\/\",\"name\":\"Aptomed - Sa\\u00fade Integrada\",\"description\":\"Cl\\u00ednica de profissionais multidisciplinares da \\u00e1rea da sa\\u00fade.\",\"potentialAction\":[{\"@type\":\"SearchAction\",\"target\":\"https:\/\/www.aptomed.com.br\/v2\/?s={search_term_string}\",\"query-input\":\"required name=search_term_string\"}],\"inLanguage\":\"pt-BR\"},{\"@type\":\"ImageObject\",\"@id\":\"https:\/\/www.aptomed.com.br\/v2\/especialidades\/precos-e-formas-de-pagamento\/#primaryimage\",\"inLanguage\":\"pt-BR\",\"url\":\"http:\/\/www.aptomed.com.br\/v2\/wp-content\/uploads\/2016\/03\/pagamento_online.jpg\",\"contentUrl\":\"http:\/\/www.aptomed.com.br\/v2\/wp-content\/uploads\/2016\/03\/pagamento_online.jpg\"},{\"@type\":\"WebPage\",\"@id\":\"https:\/\/www.aptomed.com.br\/v2\/especialidades\/precos-e-formas-de-pagamento\/#webpage\",\"url\":\"https:\/\/www.aptomed.com.br\/v2\/especialidades\/precos-e-formas-de-pagamento\/\",\"name\":\"Pre\\u00e7os e formas de pagamento - Aptomed - Sa\\u00fade Integrada\",\"isPartOf\":{\"@id\":\"https:\/\/www.aptomed.com.br\/v2\/#website\"},\"primaryImageOfPage\":{\"@id\":\"https:\/\/www.aptomed.com.br\/v2\/especialidades\/precos-e-formas-de-pagamento\/#primaryimage\"},\"datePublished\":\"2016-03-23T12:09:27+00:00\",\"dateModified\":\"2016-04-06T13:39:43+00:00\",\"breadcrumb\":{\"@id\":\"https:\/\/www.aptomed.com.br\/v2\/especialidades\/precos-e-formas-de-pagamento\/#breadcrumb\"},\"inLanguage\":\"pt-BR\",\"potentialAction\":[{\"@type\":\"ReadAction\",\"target\":[\"https:\/\/www.aptomed.com.br\/v2\/especialidades\/precos-e-formas-de-pagamento\/\"]}]},{\"@type\":\"BreadcrumbList\",\"@id\":\"https:\/\/www.aptomed.com.br\/v2\/especialidades\/precos-e-formas-de-pagamento\/#breadcrumb\",\"itemListElement\":[{\"@type\":\"ListItem\",\"position\":1,\"item\":{\"@type\":\"WebPage\",\"@id\":\"https:\/\/www.aptomed.com.br\/v2\/\",\"url\":\"https:\/\/www.aptomed.com.br\/v2\/\",\"name\":\"In\\u00edcio\"}},{\"@type\":\"ListItem\",\"position\":2,\"item\":{\"@type\":\"WebPage\",\"@id\":\"https:\/\/www.aptomed.com.br\/v2\/especialidades\/\",\"url\":\"https:\/\/www.aptomed.com.br\/v2\/especialidades\/\",\"name\":\"Especialidades\"}},{\"@type\":\"ListItem\",\"position\":3,\"item\":{\"@id\":\"https:\/\/www.aptomed.com.br\/v2\/especialidades\/precos-e-formas-de-pagamento\/#webpage\"}}]}]}<\/script>\n<!-- \/ Yoast SEO plugin. -->","_links":{"self":[{"href":"https:\/\/www.aptomed.com.br\/v2\/wp-json\/wp\/v2\/pages\/905"}],"collection":[{"href":"https:\/\/www.aptomed.com.br\/v2\/wp-json\/wp\/v2\/pages"}],"about":[{"href":"https:\/\/www.aptomed.com.br\/v2\/wp-json\/wp\/v2\/types\/page"}],"author":[{"embeddable":true,"href":"https:\/\/www.aptomed.com.br\/v2\/wp-json\/wp\/v2\/users\/1"}],"replies":[{"embeddable":true,"href":"https:\/\/www.aptomed.com.br\/v2\/wp-json\/wp\/v2\/comments?post=905"}],"version-history":[{"count":4,"href":"https:\/\/www.aptomed.com.br\/v2\/wp-json\/wp\/v2\/pages\/905\/revisions"}],"predecessor-version":[{"id":1028,"href":"https:\/\/www.aptomed.com.br\/v2\/wp-json\/wp\/v2\/pages\/905\/revisions\/1028"}],"up":[{"embeddable":true,"href":"https:\/\/www.aptomed.com.br\/v2\/wp-json\/wp\/v2\/pages\/12"}],"wp:attachment":[{"href":"https:\/\/www.aptomed.com.br\/v2\/wp-json\/wp\/v2\/media?parent=905"}],"curies":[{"name":"wp","href":"https:\/\/api.w.org\/{rel}","templated":true}]}}